{"id":6411,"date":"2015-08-19T11:12:17","date_gmt":"2015-08-19T11:12:17","guid":{"rendered":"http:\/\/example5-2.armycadetleague.ca\/homepage-1\/"},"modified":"2019-02-03T15:00:27","modified_gmt":"2019-02-03T15:00:27","slug":"homepage-1","status":"publish","type":"page","link":"https:\/\/newbrunswick.armycadetleague.ca\/fr\/","title":{"rendered":"Bienvenue!"},"content":{"rendered":"<p><section   class=\"fw-main-row-custom fw-main-row-top  auto  fw-desktop-hide-element fw-section-position-back tf-sh-9086757a80ef6eb4055574a75deb06d2\"    >\n\t\t\t<div class=\"fw-container\" >\n\t\t<div class=\"fw-row\">\n\t<div id=\"column-69d610f2112e3\" class=\"fw-col-sm-12 tf-sh-54c82f48c4cda843ec0f8edf08069993\" >\n\t<div class=\"fw-wrap-col-inner clearfix  \"   >\n\t\t\t\t<div class=\"fw-col-inner\">\n\t\t\t<div class=\"fw-text-box tf-sh-6c4964b79712ae698aa8ad4e62b324e8  fw-animated-element\"  data-animation-type=\"bounce\" data-animation-delay=\"800\">\n\t<div class=\"fw-text-inner\">\n\t\t<hr \/>\n<h4>Avez-vous des probl\u00e8mes a voir le menu du site web? <a href=\"http:\/\/example5-2.armycadetleague.ca\/wp-content\/uploads\/menu.jpg\" target=\"_blank\" rel=\"noopener\">Cliquez-ici<\/a>.<\/h4>\n<hr \/>\n<p>&nbsp;<\/p>\n\t<\/div>\n<\/div>\t\t<\/div>\n\t<\/div>\n<\/div><\/div>\n\n\t<\/div>\n\t<\/section><section  id=\"aboutus\" class=\"fw-main-row-custom  auto  fw-section-position-back tf-sh-72c732741407a23cc2bbb865a5ebbcb3 aboutus\"    >\n\t\t\t<div class=\"fw-container\" >\n\t\t<div class=\"fw-row\">\n\t<div id=\"column-69d610f21211f\" class=\"fw-col-sm-12 fw-mobile-hide-element tf-sh-4a7f2e457ad837a8cec53ac198c2ac81\" >\n\t<div class=\"fw-wrap-col-inner clearfix  \"   >\n\t\t\t\t<div class=\"fw-col-inner\">\n\t\t\t<div class=\"fw-divider-space  fw-custom-space  clearfix\" style=\"height:20px;\" ><\/div>\t\t<\/div>\n\t<\/div>\n<\/div><\/div>\n\n<div class=\"fw-row\">\n\t<div id=\"column-69d610f2128ab\" class=\"fw-tablet-hide-element fw-col-sm-4 fw-mobile-hide-element tf-sh-b4e5750751d0b93445ef5b72f4882733  fw-col-no-padding\" >\n\t<div class=\"fw-wrap-col-inner clearfix  \"   >\n\t\t\t\t<div class=\"fw-col-inner\">\n\t\t\t\n\t\n\t\t<div class=\"fw-block-image-parent  fw-block-image-left\"  style=\"width: 400px; \">\n\t\t\t<span class=\"fw-block-image-child fw-ratio-3-2 fw-ratio-container\">\n\t\t\t\t<noscript itemscope itemtype=\"https:\/\/schema.org\/ImageObject\" itemprop=\"image\"><img decoding=\"async\" src=\"https:\/\/newbrunswick.armycadetleague.ca\/wp-content\/uploads\/sites\/20\/2017\/05\/2812-RCACC-Tuesday-13-Sept-2016-No_-115.jpg\"  alt=\"2812 RCACC on Tuesday 13 Sept 2016\" data-maxdpr=\"1.7\" width=\"400\" class=\"lazyload\" \/><meta itemprop=\"url\" content=\"https:\/\/newbrunswick.armycadetleague.ca\/wp-content\/uploads\/sites\/20\/2017\/05\/2812-RCACC-Tuesday-13-Sept-2016-No_-115.jpg\"><meta itemprop=\"width\" content=\"1000\"><meta itemprop=\"height\" content=\"666\"><\/noscript><img decoding=\"async\" src=\"data:image\/gif;base64,R0lGODlhAQABAIAAAAAAAP\/\/\/yH5BAEAAAAALAAAAAABAAEAAAIBRAA7\" data-sizes=\"auto\" data-srcset=\"https:\/\/newbrunswick.armycadetleague.ca\/wp-content\/uploads\/sites\/20\/2017\/05\/2812-RCACC-Tuesday-13-Sept-2016-No_-115-300x200.jpg 300w, https:\/\/newbrunswick.armycadetleague.ca\/wp-content\/uploads\/sites\/20\/2017\/05\/2812-RCACC-Tuesday-13-Sept-2016-No_-115-768x511.jpg 768w, https:\/\/newbrunswick.armycadetleague.ca\/wp-content\/uploads\/sites\/20\/2017\/05\/2812-RCACC-Tuesday-13-Sept-2016-No_-115-600x400.jpg 600w, https:\/\/newbrunswick.armycadetleague.ca\/wp-content\/uploads\/sites\/20\/2017\/05\/2812-RCACC-Tuesday-13-Sept-2016-No_-115.jpg 1000w\"   alt=\"2812 RCACC on Tuesday 13 Sept 2016\" data-maxdpr=\"1.7\" width=\"400\" class=\"lazyload\" \/>\t\t\t\t\t\t\t<\/span>\n\t\t<\/div>\n\n\t\n<div class=\"fw-divider-space  fw-custom-space  clearfix\" style=\"height:20px;\" ><\/div><div class=\"fw-text-box tf-sh-c502a742fc0f6dea6a79e01a8372608d \" >\n\t<div class=\"fw-text-inner\">\n\t\t<p>Cr\u00e9\u00e9e en 1971, la Ligue des cadets de l\u2019Arm\u00e9e du Canada (LCAC) travaille en collaboration avec le minist\u00e8re de la D\u00e9fense nationale (MDN) a l'appui du programme des cadets de l\u2019Arm\u00e9e. \u00a0On retrouve une division de la LCAC dans chacune des 10 provinces et les territoires.<\/p>\n<p>La Ligue est le r\u00e9pondant superviseur pour plus de 400 corps de cadets \u00e0 travers le Canada. Avec l\u2019aide de chacune des divisions, c'est \u00e0 plus de 18,000 cadets de l\u2019Arm\u00e9e que la LCAC procure un soutien financier, des locaux et du transport pour les activit\u00e9s et les services qui ne sont pas fournis par le MDN.<\/p>\n\t<\/div>\n<\/div><div class=\"fw-divider-space  fw-custom-space  clearfix\" style=\"height:20px;\" ><\/div>\t\t<\/div>\n\t<\/div>\n<\/div><div id=\"column-69d610f213ad8\" class=\"fw-col-sm-2 tf-sh-42892e9c1cdf5a4b2fc1dae1029d0110\" >\n\t<div class=\"fw-wrap-col-inner clearfix  \"   >\n\t\t\t\t<div class=\"fw-col-inner\">\n\t\t\t\t\t<\/div>\n\t<\/div>\n<\/div><div id=\"column-69d610f213bd5\" class=\"fw-col-sm-12 fw-col-md-6 tf-sh-67cc305ad5c1d8f6cd49461baa3c979c  fw-col-no-padding\" >\n\t<div class=\"fw-wrap-col-inner clearfix  \"   >\n\t\t\t\t<div class=\"fw-col-inner\">\n\t\t\t<div class=\"fw-heading fw-heading-left  fw-animated-element tf-sh-5b58f060a80ea3d3114ce9d7a81bd8a0\"  data-animation-type=\"fadeInUp\" data-animation-delay=\"200\">\n\t\t\t<h2 class=\"fw-special-title\">La Ligue des cadets de l\u2019Arm\u00e9e du Canada, une organisation civile \u00e0 but non lucratif, en partenariat avec les Forces canadiennes, s\u2019engage \u00e0 soutenir le programme des Cadets royaux de l\u2019Arm\u00e9e canadienne<\/h2>\n\t\n\t\n\t<\/div>\t<div  class=\"fw-divider tf-sh-f57aaa52516a4286a161106cc2b85109  fw-mobile-hide-element fw-animated-element fw-divider-align-left fw-line-solid fw-divider-line  \"  data-animation-type=\"fadeInUp\" data-animation-delay=\"200\" style=\"width:135px; padding-top:28px; margin-bottom:47px; border-color:#dddddd;\" ><\/div>\n\t\t<\/div>\n\t<\/div>\n<\/div><\/div>\n\n<div class=\"fw-row\">\n\t<div id=\"column-69d610f214685\" class=\"fw-col-sm-12 fw-mobile-hide-element tf-sh-46f201614d7cef48821578019951b8f4\" >\n\t<div class=\"fw-wrap-col-inner clearfix  \"   >\n\t\t\t\t<div class=\"fw-col-inner\">\n\t\t\t<div class=\"fw-divider-space  fw-custom-space  clearfix\" style=\"height:30px;\" ><\/div>\t\t<\/div>\n\t<\/div>\n<\/div><\/div>\n\n\t<\/div>\n\t<\/section><\/p>\n","protected":false},"excerpt":{"rendered":"<p>Avez-vous des probl\u00e8mes a voir le menu du site web? Cliquez-ici. &nbsp; Cr\u00e9\u00e9e en 1971, la Ligue des cadets de l\u2019Arm\u00e9e du Canada (LCAC) travaille en collaboration avec le minist\u00e8re de la D\u00e9fense nationale (MDN) a l&rsquo;appui du programme des cadets de l\u2019Arm\u00e9e. \u00a0On retrouve une division de la LCAC dans chacune des 10 provinces [&hellip;]<\/p>\n","protected":false},"author":1,"featured_media":0,"parent":0,"menu_order":0,"comment_status":"closed","ping_status":"closed","template":"","meta":{"footnotes":"","_links_to":"","_links_to_target":""},"class_list":["post-6411","page","type-page","status-publish","hentry"],"_links":{"self":[{"href":"https:\/\/newbrunswick.armycadetleague.ca\/fr\/wp-json\/wp\/v2\/pages\/6411","targetHints":{"allow":["GET"]}}],"collection":[{"href":"https:\/\/newbrunswick.armycadetleague.ca\/fr\/wp-json\/wp\/v2\/pages"}],"about":[{"href":"https:\/\/newbrunswick.armycadetleague.ca\/fr\/wp-json\/wp\/v2\/types\/page"}],"author":[{"embeddable":true,"href":"https:\/\/newbrunswick.armycadetleague.ca\/fr\/wp-json\/wp\/v2\/users\/1"}],"replies":[{"embeddable":true,"href":"https:\/\/newbrunswick.armycadetleague.ca\/fr\/wp-json\/wp\/v2\/comments?post=6411"}],"version-history":[{"count":29,"href":"https:\/\/newbrunswick.armycadetleague.ca\/fr\/wp-json\/wp\/v2\/pages\/6411\/revisions"}],"predecessor-version":[{"id":8279,"href":"https:\/\/newbrunswick.armycadetleague.ca\/fr\/wp-json\/wp\/v2\/pages\/6411\/revisions\/8279"}],"wp:attachment":[{"href":"https:\/\/newbrunswick.armycadetleague.ca\/fr\/wp-json\/wp\/v2\/media?parent=6411"}],"curies":[{"name":"wp","href":"https:\/\/api.w.org\/{rel}","templated":true}]}}