{"id":6963,"date":"2017-06-18T17:54:50","date_gmt":"2017-06-18T17:54:50","guid":{"rendered":"http:\/\/example5-2.armycadetleague.ca\/ligue\/policy\/"},"modified":"2017-10-16T17:12:44","modified_gmt":"2017-10-16T17:12:44","slug":"politiques","status":"publish","type":"page","link":"https:\/\/newbrunswick.armycadetleague.ca\/fr\/politiques\/","title":{"rendered":"Politiques et directives nationales"},"content":{"rendered":"<section   class=\"fw-main-row  auto  fw-section-position-back\"    >\n\t\t\t<div class=\"fw-container\" >\n\t\t<div class=\"fw-row\">\n\t<div id=\"column-69f4dadd3f0c1\" class=\"fw-col-sm-12 tf-sh-3d861286e8d7728ef0868aead7c59c23\" >\n\t<div class=\"fw-wrap-col-inner clearfix  \"   >\n\t\t\t\t<div class=\"fw-col-inner\">\n\t\t\t<div class=\"fw-heading fw-heading-left  tf-sh-a5e2d798e45a7d0e5cc4a624adbc2956\" >\n\t\t\t<h4 class=\"fw-special-title\">Politiques et directives nationales<\/h4>\n\t\n\t\n\t<\/div><div class=\"fw-text-box tf-sh-e50fe81c216ed60298ab57b3ed4654dc \" >\n\t<div class=\"fw-text-inner\">\n\t\t<p>Ce Manuel de r\u00e9f\u00e9rence \u00e9tablit les politiques et proc\u00e9dures qui r\u00e9gissent la Ligue des cadets de l\u2019Arm\u00e9e du Canada. Ce document est \u00e9volutif et sera mis \u00e0 jour r\u00e9guli\u00e8rement pour s\u2019adapter aux changements et aux besoins des r\u00e9gions. Il est publi\u00e9 sous l\u2019autorit\u00e9 du comit\u00e9 ex\u00e9cutif de la Ligue des cadets de l\u2019Arm\u00e9e du Canada.<\/p>\n\t<\/div>\n<\/div>\t<div  class=\"fw-divider tf-sh-3b104ee2d0a7d0938938e4e9d44f5a05  fw-divider-align-left fw-divider-full-width fw-line-solid fw-divider-line space-sm  fw_theme_border_only_fw-custom\"  style=\"width: auto;  \" ><\/div>\n<div class=\"fw-text-box tf-sh-fbb5feb83add5e2d8c4c8a1ec2059958 \" >\n\t<div class=\"fw-text-inner\">\n\t\t<p>\n<table id=\"tablepress-3\" class=\"tablepress tablepress-id-3 tbody-has-connected-cells\">\n<tbody class=\"row-striping\">\n<tr class=\"row-1\">\n\t<td colspan=\"2\" class=\"column-1\"><strong>1 \u2013 Manuel des politiques<\/strong><\/td>\n<\/tr>\n<tr class=\"row-2\">\n\t<td class=\"column-1\"><\/td><td class=\"column-2\"><a href=\"http:\/\/example5-2.armycadetleague.ca\/wp-content\/uploads\/Policy-1-Forward_Bilingual_Rev-Jan-2013.pdf\" target=\"_blank\">1.1 \u2013 But et mode d\u2019emploi du manuel des politiques<\/a><\/td>\n<\/tr>\n<tr class=\"row-3\">\n\t<td colspan=\"2\" class=\"column-1\"><strong>2 \u2013 GLOSSAIRE<\/strong><\/td>\n<\/tr>\n<tr class=\"row-4\">\n\t<td class=\"column-1\"><\/td><td class=\"column-2\"><a href=\"http:\/\/example5-2.armycadetleague.ca\/wp-content\/uploads\/2017\/06\/Policy_2.1.pdf\" target=\"_blank\">2.1 \u2013 D\u00e9finitions et significations utilis\u00e9es dans ce manuel<\/a><\/td>\n<\/tr>\n<tr class=\"row-5\">\n\t<td class=\"column-1\"><\/td><td class=\"column-2\"><a href=\"http:\/\/example5-2.armycadetleague.ca\/wp-content\/uploads\/Policy-2.2-ABBREVIATIONS_bilingual_Jan-2013.pdf\" target=\"_blank\">2.2 \u2013 Abr\u00e9viations militaires<\/a><\/td>\n<\/tr>\n<tr class=\"row-6\">\n\t<td colspan=\"2\" class=\"column-1\"><strong>3 \u2013 ORGANIZATION ET RESPONSIBILIT\u00c9S<\/strong><\/td>\n<\/tr>\n<tr class=\"row-7\">\n\t<td class=\"column-1\"><\/td><td class=\"column-2\"><a href=\"http:\/\/example5-2.armycadetleague.ca\/wp-content\/uploads\/2017\/06\/Policy_3.1.pdf\" target=\"_blank\">3.1 \u2013 But des organisations des cadets du Canada<\/a> <\/td>\n<\/tr>\n<tr class=\"row-8\">\n\t<td class=\"column-1\"><\/td><td class=\"column-2\"><a href=\"http:\/\/example5-2.armycadetleague.ca\/wp-content\/uploads\/2017\/06\/Policy_3.1a.pdf\" target=\"_blank\">3.1 A \u2013 Affiche de la mission de la Ligue<\/a><\/td>\n<\/tr>\n<tr class=\"row-9\">\n\t<td class=\"column-1\"><\/td><td class=\"column-2\"><a href=\"http:\/\/example5-2.armycadetleague.ca\/wp-content\/uploads\/Policy-3.2-MOU_billingual.pdf \" target=\"_blank\">3.2- Protocole d\u2019entente<\/a><\/td>\n<\/tr>\n<tr class=\"row-10\">\n\t<td class=\"column-1\"><\/td><td class=\"column-2\"><a href=\"http:\/\/example5-2.armycadetleague.ca\/wp-content\/uploads\/Policy-3.3-Local-Sponsor_Bilingual_Rev-draft-may-2017.pdf\" target=\"_blank\">3.3 \u2013 R\u00f4le et responsabilit\u00e9s du comit\u00e9 de soutien du corps de cadet<\/a><\/td>\n<\/tr>\n<tr class=\"row-11\">\n\t<td class=\"column-1\"><\/td><td class=\"column-2\">3.3 A \u2013 Organigramme \u2013 Corps local \u2013 en r\u00e9vision<\/td>\n<\/tr>\n<tr class=\"row-12\">\n\t<td class=\"column-1\"><\/td><td class=\"column-2\"><a href=\"http:\/\/example5-2.armycadetleague.ca\/wp-content\/uploads\/Policy-3.4-National-Org-Chart_Jan-2013_Bilingual.pdf\" target=\"_blank\">3.4 \u2013 Organigramme de l\u2019organisation nationale<\/a><\/td>\n<\/tr>\n<tr class=\"row-13\">\n\t<td class=\"column-1\"><\/td><td class=\"column-2\"><a href=\"http:\/\/example5-2.armycadetleague.ca\/wp-content\/uploads\/Policy-3.5B-Cadet-Honour-Code_Bilingual.pdff\" target=\"_blank\">3.5 \u2013 Code d\u2019honneur du cadet<\/a><\/td>\n<\/tr>\n<tr class=\"row-14\">\n\t<td class=\"column-1\"><\/td><td class=\"column-2\"><a href=\"http:\/\/example5-2.armycadetleague.ca\/wp-content\/uploads\/By-Law-9_FINAL_Bilingual-document-1.pdf\" target=\"_blank\">3.6 \u2013 R\u00e8glement Neuf (R\u00e8glements nationales)<\/a><\/td>\n<\/tr>\n<tr class=\"row-15\">\n\t<td class=\"column-1\"><\/td><td class=\"column-2\"><a href=\"http:\/\/example5-2.armycadetleague.ca\/wp-content\/uploads\/policy-3.7_conduct-of-national-elections_bilingual_Jan-2013.pdf\" target=\"_blank\">3.7 \u2013 Proc\u00e9dure des \u00e9lections nationales<\/a><\/td>\n<\/tr>\n<tr class=\"row-16\">\n\t<td class=\"column-1\"><\/td><td class=\"column-2\"><a href=\"http:\/\/example5-2.armycadetleague.ca\/wp-content\/uploads\/Policy-3.8-Forming-a-Cadet-Corps_Bilingual_Rev-Jan-2013.pdf\" target=\"_blank\">3.8 \u2013 Formation d\u2019un nouveau corps de cadet<\/a><\/td>\n<\/tr>\n<tr class=\"row-17\">\n\t<td class=\"column-1\"><\/td><td class=\"column-2\"><a href=\"http:\/\/example5-2.armycadetleague.ca\/wp-content\/uploads\/Engagement-du-repondant_Rev-sept-2012_fillable.pdf\" target=\"_blank\">3.8 A \u2013 Formulaire d\u2019engagement du r\u00e9pondant (Ce formulaire peut \u00eatre rempli \u00e9lectroniquement.  Il devra \u00eatre imprim\u00e9 pour y apposer les signatures requises)<\/a><\/td>\n<\/tr>\n<tr class=\"row-18\">\n\t<td class=\"column-1\"><\/td><td class=\"column-2\"><a href=\"http:\/\/example5-2.armycadetleague.ca\/wp-content\/uploads\/Policy-3.9-Closing-a-Cadet-Corps-NEW_Bilingual.pdf\" target=\"_blank\">3.9 \u2013 Fermeture d\u2019un corps de cadets <\/a><\/td>\n<\/tr>\n<tr class=\"row-19\">\n\t<td class=\"column-1\"><\/td><td class=\"column-2\"><a href=\"http:\/\/example5-2.armycadetleague.ca\/wp-content\/uploads\/Policy-3.9-Closing-a-Cadet-Corps-ANNEX-A_-FRENCH.pdf\" target=\"_blank\">3.9 A \u2013 Liste de v\u00e9rification \u2013 fermeture\/fusion d\u2019un corps de cadets de l\u2019arm\u00e9e<\/a><\/td>\n<\/tr>\n<tr class=\"row-20\">\n\t<td class=\"column-1\"><\/td><td class=\"column-2\"><a href=\"http:\/\/example5-2.armycadetleague.ca\/wp-content\/uploads\/Policy-3.10-Privacy-Policy_Bilingual_MArch-2013.pdf\" target=\"_blank\">3.10 \u2013 Politique relative au respect de la loi priv\u00e9e<\/a><\/td>\n<\/tr>\n<tr class=\"row-21\">\n\t<td colspan=\"2\" class=\"column-1\"><strong>4 \u2013 ASSURANCE<\/strong><\/td>\n<\/tr>\n<tr class=\"row-22\">\n\t<td class=\"column-1\"><\/td><td class=\"column-2\"><a href=\"http:\/\/example5-2.armycadetleague.ca\/wp-content\/uploads\/Policy-4-Insurance-Booklet-REV-oct-2016_bilingual-3.pdf \" target=\"_blank\">Livret d\u2019assurance<\/a><\/td>\n<\/tr>\n<tr class=\"row-23\">\n\t<td class=\"column-1\"><\/td><td class=\"column-2\"><a href=\"http:\/\/example5-2.armycadetleague.ca\/wp-content\/uploads\/claimFormf.pdf\" target=\"_blank\">Formulaire de r\u00e9clamation<\/a><\/td>\n<\/tr>\n<tr class=\"row-24\">\n\t<td class=\"column-1\"><\/td><td class=\"column-2\"><a href=\"http:\/\/fs2.formsite.com\/aclc\/Insurancerequest\/index.html\" target=\"_blank\">Demande d\u2019un certificat d\u2019assurance<\/a><\/td>\n<\/tr>\n<tr class=\"row-25\">\n\t<td class=\"column-1\"><\/td><td class=\"column-2\"><a href=\"http:\/\/example5-2.armycadetleague.ca\/fr\/ressources\/assurance\/\" target=\"_blank\">4A \u2013 Questions &amp; R\u00e9ponses \u2013 faites r\u00e9f\u00e9rence \u00e0 la page:<\/a><\/td>\n<\/tr>\n<tr class=\"row-26\">\n\t<td colspan=\"2\" class=\"column-1\"><strong>9 \u2013 POLITIQUE D\u2019ADH\u00c9SION<\/strong><\/td>\n<\/tr>\n<tr class=\"row-27\">\n\t<td class=\"column-1\"><\/td><td class=\"column-2\"><a href=\"http:\/\/example5-2.armycadetleague.ca\/wp-content\/uploads\/Pol-9-1-League-Membp-_-bil-document-DEC2015-incl-electronic-app-1.pdf\" target=\"_blank\">9.1 \u2013 L\u2019adh\u00e9sion \u00e0 la Ligue des cadets de l\u2019Arm\u00e9e du Canada<\/a><\/td>\n<\/tr>\n<tr class=\"row-28\">\n\t<td class=\"column-1\"><\/td><td class=\"column-2\"><a href=\"https:\/\/fs2.formsite.com\/aclc\/ACLCMembershipapp\/index.html\" target=\"_blank\">9.1A \u2013 Formulaire de demande d\u2019adh\u00e9sion<\/a><\/td>\n<\/tr>\n<tr class=\"row-29\">\n\t<td class=\"column-1\"><\/td><td class=\"column-2\"><a href=\"http:\/\/example5-2.armycadetleague.ca\/wp-content\/uploads\/Policy-9.2-LIFE-MEMBERSHIP-rev-January-2013_Bilingual.pdf\" target=\"_blank\">9.2 \u2013 Membres \u00e0 vie<\/a><\/td>\n<\/tr>\n<tr class=\"row-30\">\n\t<td class=\"column-1\"><\/td><td class=\"column-2\"><a href=\"http:\/\/example5-2.armycadetleague.ca\/wp-content\/uploads\/Policy-9-3-Corporate-Membership_Sept-2017_bilingual.pdf\" target=\"_blank\">9.3 \u2013 Membres Corporatifs<\/a><\/td>\n<\/tr>\n<tr class=\"row-31\">\n\t<td colspan=\"2\" class=\"column-1\"><strong>10 \u2013 S\u00c9LECTION ET GESTION DES B\u00c9N\u00c9VOLES<\/strong><\/td>\n<\/tr>\n<tr class=\"row-32\">\n\t<td class=\"column-1\"><\/td><td class=\"column-2\"><a href=\"http:\/\/example5-2.armycadetleague.ca\/wp-content\/uploads\/Pol-10-benevolat-de-groupe-ressources-cles-intention-des-groupes.pdf\" target=\"_blank\">Mat\u00e9riel de r\u00e9f\u00e9rence de B\u00e9n\u00e9voles Canada<br \/>\n<\/a><\/td>\n<\/tr>\n<tr class=\"row-33\">\n\t<td class=\"column-1\"><\/td><td class=\"column-2\"><a href=\"http:\/\/example5-2.armycadetleague.ca\/wp-content\/uploads\/Policy-10.1-Screening-Management-of-Volunteers_Rev-Dec-2013.pdf\" target=\"_blank\">10.1 \u2013 Programme national d\u2019enregistrement des b\u00e9n\u00e9voles<\/a><\/td>\n<\/tr>\n<tr class=\"row-34\">\n\t<td class=\"column-1\"><\/td><td class=\"column-2\"><a href=\"http:\/\/example5-2.armycadetleague.ca\/wp-content\/uploads\/Vol-Code-Brochure-online-layout-FR.pdf\" target=\"_blank\">Le code des b\u00e9n\u00e9voles<\/a><\/td>\n<\/tr>\n<tr class=\"row-35\">\n\t<td class=\"column-1\"><\/td><td class=\"column-2\"><a href=\"http:\/\/example5-2.armycadetleague.ca\/wp-content\/uploads\/Pol-10.1-Annex-A-Form-enregistrement_july-2017_FILLABLE.pdf\" target=\"_blank\">10.1 A \u2013 Formulaire d\u2019enregistrement (remplir \u00e9lectroniquement et imprimer pour signer)<br \/>\n<br \/>\n<\/a><\/td>\n<\/tr>\n<tr class=\"row-36\">\n\t<td class=\"column-1\"><\/td><td class=\"column-2\"><a href=\"http:\/\/example5-2.armycadetleague.ca\/wp-content\/uploads\/Pol-10.1-Annex-B-DRIVERS-LOG_Billingual_Nov-2016.pdf\" target=\"_blank\">10.1 B \u2013 Journal des conducteurs (\u00c9v\u00e9nements sp\u00e9ciaux)<\/a><\/td>\n<\/tr>\n<tr class=\"row-37\">\n\t<td class=\"column-1\"><\/td><td class=\"column-2\"><a href=\"http:\/\/example5-2.armycadetleague.ca\/wp-content\/uploads\/Pol-10.1-Annex-C-Handbook-REV-Nov-2016-_Bil.pdf\" target=\"_blank\">10.1 C \u2013 Manuel des coordinateurs de s\u00e9lection<\/a><\/td>\n<\/tr>\n<tr class=\"row-38\">\n\t<td class=\"column-1\"><\/td><td class=\"column-2\"><a href=\"http:\/\/example5-2.armycadetleague.ca\/wp-content\/uploads\/Pol-10.1-Annex-D-Telephone-Reference-Check.pdf\" target=\"_blank\">10.1 D \u2013 Formulaire de v\u00e9rification des r\u00e9f\u00e9rences par t\u00e9l\u00e9phone<\/a><\/td>\n<\/tr>\n<tr class=\"row-39\">\n\t<td class=\"column-1\"><\/td><td class=\"column-2\"><a href=\"http:\/\/example5-2.armycadetleague.ca\/wp-content\/uploads\/Pol-10.1-Annex-E-Exception-Tol-Pol-Vol-Screeng-Rev-Mar-2015_Bil.pdf\" target=\"_blank\">10.1 E \u2013 Politique en mati\u00e8re d\u2019exception au processus d\u2019examen pr\u00e9alable quant au seuil de tol\u00e9rance<\/a><\/td>\n<\/tr>\n<tr class=\"row-40\">\n\t<td class=\"column-1\"><\/td><td class=\"column-2\"><a href=\"http:\/\/example5-2.armycadetleague.ca\/wp-content\/uploads\/2017\/06\/Policy_10_-Group-Volunteering-Key-Resources-For-Groups-Wanting-to-Volunteer.pdf\" target=\"_blank\">B\u00e9n\u00e9volat de groupe-ressources cl\u00e9s \u00e0 l\u2019 intention des groupes<\/a><\/td>\n<\/tr>\n<tr class=\"row-41\">\n\t<td class=\"column-1\"><\/td><td class=\"column-2\"><a href=\"http:\/\/example5-2.armycadetleague.ca\/wp-content\/uploads\/Pol10-ben-de-groupe-outils-intention-des-organismes.pdf\" target=\"_blank\">B\u00e9n\u00e9volat de groupe \u2013 outils et ressources \u00e0 l\u2019 intention des organismes<\/a><\/td>\n<\/tr>\n<tr class=\"row-42\">\n\t<td colspan=\"2\" class=\"column-1\"><strong>13 \u2013 PRIX ET R\u00c9COMPENSES<\/strong><\/td>\n<\/tr>\n<tr class=\"row-43\">\n\t<td class=\"column-1\"><\/td><td class=\"column-2\"><a href=\"http:\/\/example5-2.armycadetleague.ca\/fr\/ligue\/prix-subventions-et-bourses\/\" target=\"_blank\">S'il-vous-pla\u00eet visitez la page de prix, subventions et bourses.<\/a><\/td>\n<\/tr>\n<tr class=\"row-44\">\n\t<td colspan=\"2\" class=\"column-1\"><strong>15 \u2013 CONTR\u00d4LES FINANCIERS ET COMPATIBILIT\u00c9<\/strong><\/td>\n<\/tr>\n<tr class=\"row-45\">\n\t<td class=\"column-1\"><\/td><td class=\"column-2\"><a href=\"http:\/\/example5-2.armycadetleague.ca\/wp-content\/uploads\/Policy-15.1-Financial-Directive_rev-July-2013_Bilingual.pdf\" target=\"_blank\">15.1 \u2013 Directive financi\u00e8re<\/a><\/td>\n<\/tr>\n<tr class=\"row-46\">\n\t<td class=\"column-1\"><\/td><td class=\"column-2\"><a href=http:\/\/example5-2.armycadetleague.ca\/wp-content\/uploads\/Policy-15.1_A-Financial-Directive-_Funds_2013_Bilingual.pdf\" target=\"_blank\">15.1 A \u2013 Directive Financi\u00e8re \u2013 Fonds<\/a><\/td>\n<\/tr>\n<tr class=\"row-47\">\n\t<td class=\"column-1\"><\/td><td class=\"column-2\"><a href=\"http:\/\/example5-2.armycadetleague.ca\/wp-content\/uploads\/Trav-Expenses-2016-form_Formulaire-de-remboursement-de-voyage_FILLABLE.pdf\" target=\"_blank\">15.1 B \u2013 Formulaire de r\u00e9clamation pour les d\u00e9penses de voyages  (peut \u00eatre rempli \u00e9lectroniquement et imprimer pour signer)<\/a><\/td>\n<\/tr>\n<tr class=\"row-48\">\n\t<td class=\"column-1\"><\/td><td class=\"column-2\"><a href=\"http:\/\/example5-2.armycadetleague.ca\/wp-content\/uploads\/Policy-15.3-Local-Support-Allocation_Bilingual-1.pdf\" target=\"_blank\">15.3 \u2013 Attribution locale des ressources financi\u00e8res (MDN)<\/a><\/td>\n<\/tr>\n<tr class=\"row-49\">\n\t<td colspan=\"2\" class=\"column-1\"><strong>16 \u2013 POLITIQUES CONCERNANT LES RELATIONS HUMAINE<\/strong><\/td>\n<\/tr>\n<tr class=\"row-50\">\n\t<td class=\"column-1\"><\/td><td class=\"column-2\"><a href=\"http:\/\/example5-2.armycadetleague.ca\/wp-content\/uploads\/Policy-16-1-Hiring-Policy-Executive-Director_May-2012_Bilingual.pdf\" target=\"_blank\">16.1 \u2013 Politique d\u2019embauche d\u2019un directeur ex\u00e9cutif<\/a><\/td>\n<\/tr>\n<tr class=\"row-51\">\n\t<td colspan=\"2\" class=\"column-1\"><strong>17 \u2013 PRIX D\u2019EXCELLENCE \u2013 BOURSES ET SUBVENTIONS<\/strong><\/td>\n<\/tr>\n<tr class=\"row-52\">\n\t<td class=\"column-1\"><\/td><td class=\"column-2\"><a href=\"http:\/\/example5-2.armycadetleague.ca\/fr\/ligue\/prix-subventions-et-bourses\/\" target=\"_blank\">S'il-vous-pla\u00eet visitez la page de prix, subventions et bourses.<\/a><\/td>\n<\/tr>\n<\/tbody>\n<\/table>\n<!-- #tablepress-3 from cache --><\/p>\n\t<\/div>\n<\/div>\t\t<\/div>\n\t<\/div>\n<\/div><\/div>\n\n\t<\/div>\n\t<\/section>\n","protected":false},"excerpt":{"rendered":"<p>Politiques et directives nationales Ce Manuel de r\u00e9f\u00e9rence \u00e9tablit les politiques et proc\u00e9dures qui r\u00e9gissent la Ligue des cadets de l\u2019Arm\u00e9e du Canada. Ce document est \u00e9volutif et sera mis \u00e0 jour r\u00e9guli\u00e8rement pour s\u2019adapter aux changements et aux besoins des r\u00e9gions. Il est publi\u00e9 sous l\u2019autorit\u00e9 du comit\u00e9 ex\u00e9cutif de la Ligue des cadets [&hellip;]<\/p>\n","protected":false},"author":1,"featured_media":0,"parent":0,"menu_order":0,"comment_status":"closed","ping_status":"closed","template":"visual-builder-template.php","meta":{"footnotes":"","_links_to":"","_links_to_target":""},"class_list":["post-6963","page","type-page","status-publish","hentry"],"_links":{"self":[{"href":"https:\/\/newbrunswick.armycadetleague.ca\/fr\/wp-json\/wp\/v2\/pages\/6963","targetHints":{"allow":["GET"]}}],"collection":[{"href":"https:\/\/newbrunswick.armycadetleague.ca\/fr\/wp-json\/wp\/v2\/pages"}],"about":[{"href":"https:\/\/newbrunswick.armycadetleague.ca\/fr\/wp-json\/wp\/v2\/types\/page"}],"author":[{"embeddable":true,"href":"https:\/\/newbrunswick.armycadetleague.ca\/fr\/wp-json\/wp\/v2\/users\/1"}],"replies":[{"embeddable":true,"href":"https:\/\/newbrunswick.armycadetleague.ca\/fr\/wp-json\/wp\/v2\/comments?post=6963"}],"version-history":[{"count":3,"href":"https:\/\/newbrunswick.armycadetleague.ca\/fr\/wp-json\/wp\/v2\/pages\/6963\/revisions"}],"predecessor-version":[{"id":7576,"href":"https:\/\/newbrunswick.armycadetleague.ca\/fr\/wp-json\/wp\/v2\/pages\/6963\/revisions\/7576"}],"wp:attachment":[{"href":"https:\/\/newbrunswick.armycadetleague.ca\/fr\/wp-json\/wp\/v2\/media?parent=6963"}],"curies":[{"name":"wp","href":"https:\/\/api.w.org\/{rel}","templated":true}]}}