{"id":6978,"date":"2017-06-22T15:03:02","date_gmt":"2017-06-22T15:03:02","guid":{"rendered":"http:\/\/example5-2.armycadetleague.ca\/join-league\/"},"modified":"2019-02-03T15:25:52","modified_gmt":"2019-02-03T15:25:52","slug":"joignez-vous-a-nous","status":"publish","type":"page","link":"https:\/\/newbrunswick.armycadetleague.ca\/fr\/joignez-vous-a-nous\/","title":{"rendered":"Joignez-vous \u00e0 nous"},"content":{"rendered":"<p><section   class=\"fw-main-row-custom fw-main-row-top fw-section-no-padding  auto  fw-section-position-back tf-sh-2003669dadb4202876709b4383010d05\"    >\n\t\t\t<div class=\"fw-container\" >\n\t\t<div class=\"fw-row\">\n\t<div id=\"column-69ee40d6a251d\" class=\"fw-col-sm-12 fw-mobile-hide-element tf-sh-4d2c9468b09543151d9a8dedb0b23948  fw-col-no-padding\" >\n\t<div class=\"fw-wrap-col-inner clearfix  \"   >\n\t\t\t\t<div class=\"fw-col-inner\">\n\t\t\t<div class=\"fw-divider-space  fw-custom-space  clearfix\" style=\"height:143px;\" ><\/div>\t\t<\/div>\n\t<\/div>\n<\/div><\/div>\n\n<div class=\"fw-row\">\n\t<div id=\"column-69ee40d6a2c52\" class=\"fw-tablet-hide-element fw-col-sm-4 fw-mobile-hide-element tf-sh-22c2d5fd1fe77fb13dd051100addd87a who-are-we fw-animated-element fw-col-no-padding\" data-animation-type=\"fadeInLeft\" data-animation-delay=\"400\">\n\t<div class=\"fw-wrap-col-inner clearfix   fw-column-height-custom\" style=\"height: 421px;\"  >\n\t\t\t\t\t<div class=\"fw-main-row-overlay\"><\/div>\n\t\t\t\t<div class=\"fw-col-inner\">\n\t\t\t<div class=\"fw-divider-space space-lg  clearfix\"  ><\/div><div class=\"fw-divider-space space-sm  clearfix\"  ><\/div><div class=\"fw-text-box tf-sh-9b59e04b270e98542d29a9cd17ce890d \" >\n\t<div class=\"fw-text-inner\">\n\t\t<h2><span style=\"color: #ffffff;\">Cathy Bach<\/span><\/h2>\n<p><em>Parent d\u2019un ancien cadet en C.-B., Vice-pr\u00e9sidente nationale de la Ligue et pr\u00e9sidente du comit\u00e9 des relations&nbsp;<\/em><\/p>\n\t<\/div>\n<\/div>\t\t<\/div>\n\t<\/div>\n<\/div><div id=\"column-69ee40d6a31ff\" class=\"fw-col-sm-12 fw-col-md-8 tf-sh-67cc305ad5c1d8f6cd49461baa3c979c  fw-col-no-padding\" >\n\t<div class=\"fw-wrap-col-inner clearfix  \"   >\n\t\t\t\t<div class=\"fw-col-inner\">\n\t\t\t<div class=\"fw-heading fw-heading-left  fw-animated-element tf-sh-5b58f060a80ea3d3114ce9d7a81bd8a0\"  data-animation-type=\"fadeInUp\" data-animation-delay=\"200\">\n\t\t\t<h2 class=\"fw-special-title\">\u00ab Il n\u2019y a pas de meilleur programme pour la jeunesse au Canada.  Chaque ann\u00e9e, je suis \u00e9merveill\u00e9 par la qualit\u00e9 des adolescents qui ont profit\u00e9 des avantages que ce programme leur offre. Bien que mon fils y ait particip\u00e9 il y a dix ans, je d\u00e9sire encore offrir mon exp\u00e9rience en appuyant ce programme. \u00bb <\/h2>\n\t\n\t\n\t<\/div>\t<div  class=\"fw-divider tf-sh-f57aaa52516a4286a161106cc2b85109  fw-mobile-hide-element fw-animated-element fw-divider-align-left fw-line-solid fw-divider-line  \"  data-animation-type=\"fadeInUp\" data-animation-delay=\"200\" style=\"width:135px; padding-top:28px; margin-bottom:47px; border-color:#dddddd;\" ><\/div>\n\t\t<\/div>\n\t<\/div>\n<\/div><\/div>\n\n\t<\/div>\n\t<\/section><section   class=\"fw-main-row-custom fw-content-overlay-custom auto  fw-section-position-back tf-sh-4dfb8422a6cbac04d97c986c5f14fb77\"  style=\"margin-bottom:-43px; background-color:#ffffff;\"  >\n\t\t\t<div class=\"fw-container\" >\n\t\t<div class=\"fw-row\">\n\t<div id=\"column-69ee40d6a3d26\" class=\"fw-col-sm-12 tf-sh-baf7526246b6a2f586159298042eac7f  fw-col-no-padding\" >\n\t<div class=\"fw-wrap-col-inner clearfix  \"   >\n\t\t\t\t<div class=\"fw-col-inner\">\n\t\t\t<div class=\"fw-text-box tf-sh-e79997409d0ba4d930977e2231270818 \" >\n\t<div class=\"fw-text-inner\">\n\t\t<p>D\u00e9sirez-vous avoir un mot \u00e0 dire concernant le programme des cadets de l\u2019Arm\u00e9e? \u00a0D\u00e9sirez-vous aider \u00e0 repr\u00e9senter les int\u00e9r\u00eats nationaux de la Ligue \u00e0 travers le Canada?<\/p>\n<p>Que vous soyez un ancien cadet ou officier, un parent d\u2019un cadet, un b\u00e9n\u00e9vole actif ou non au sein d\u2019un des corps de cadets de l\u2019Arm\u00e9e ou simplement quelqu\u2019un qui a b\u00e9n\u00e9fici\u00e9, d\u2019une fa\u00e7on ou d\u2019une autre de ce programme et qui croit aux avantages que le programme des cadets de l\u2019Arm\u00e9e offre \u00e0 notre jeunesse, votre exp\u00e9rience est inestimable pour nous.<\/p>\n<p>Les avantages de devenir membre de la Ligue\u00a0:<\/p>\n<ul>\n<li>Faire partie d\u2019une organisation qui aide \u00e0 former nos leaders de demain<\/li>\n<li>Faire le partage de votre exp\u00e9rience pour aider \u00e0 maintenir et am\u00e9liorer le programme des cadets de l\u2019Arm\u00e9e<\/li>\n<li>Avoir son mot \u00e0 dire sur le d\u00e9veloppement des politiques et des d\u00e9cisions prises par la Ligue au niveau national et \u00e0 l\u2019appui du programme,<\/li>\n<li>Offrir son soutien aux b\u00e9n\u00e9voles au niveau local, provincial ou national.<\/li>\n<\/ul>\n\t<\/div>\n<\/div>\t\t<\/div>\n\t<\/div>\n<\/div><\/div>\n\n<div class=\"fw-row\">\n\t<div id=\"column-69ee40d6a40f7\" class=\"fw-col-sm-12 tf-sh-664f1c30d7a093a5fb3927da8fdeefba\" >\n\t<div class=\"fw-wrap-col-inner clearfix  \"   >\n\t\t\t\t<div class=\"fw-col-inner\">\n\t\t\t<div class=\"fw-divider-space space-sm  clearfix\"  ><\/div>\t<a href=\"https:\/\/fs2.formsite.com\/aclc\/ACLCMembershipapp\/index.html\" target=\"_self\" class=\"fw-btn tf-sh-ae217304b0a6ab88fedf8759f1d5172f fw-btn-full fw-btn-lg   fw-btn-1\"  style=\"\">\n\t\t<span >\n\t\t\t\u00a0\u00a0JOIGNEZ-VOUS \u00c0 NOUS \u00a0\u00a0\t\t<\/span>\n\t<\/a>\n<div class=\"fw-divider-space space-lg  clearfix\"  ><\/div>\t\t<\/div>\n\t<\/div>\n<\/div><\/div>\n\n\t<\/div>\n\t<\/section><\/p>\n","protected":false},"excerpt":{"rendered":"<p>Cathy Bach Parent d\u2019un ancien cadet en C.-B., Vice-pr\u00e9sidente nationale de la Ligue et pr\u00e9sidente du comit\u00e9 des relations&nbsp; \u00ab Il n\u2019y a pas de meilleur programme pour la jeunesse au Canada. Chaque ann\u00e9e, je suis \u00e9merveill\u00e9 par la qualit\u00e9 des adolescents qui ont profit\u00e9 des avantages que ce programme leur offre. Bien que mon [&hellip;]<\/p>\n","protected":false},"author":1,"featured_media":0,"parent":0,"menu_order":0,"comment_status":"closed","ping_status":"closed","template":"visual-builder-template.php","meta":{"footnotes":"","_links_to":"","_links_to_target":""},"class_list":["post-6978","page","type-page","status-publish","hentry"],"_links":{"self":[{"href":"https:\/\/newbrunswick.armycadetleague.ca\/fr\/wp-json\/wp\/v2\/pages\/6978","targetHints":{"allow":["GET"]}}],"collection":[{"href":"https:\/\/newbrunswick.armycadetleague.ca\/fr\/wp-json\/wp\/v2\/pages"}],"about":[{"href":"https:\/\/newbrunswick.armycadetleague.ca\/fr\/wp-json\/wp\/v2\/types\/page"}],"author":[{"embeddable":true,"href":"https:\/\/newbrunswick.armycadetleague.ca\/fr\/wp-json\/wp\/v2\/users\/1"}],"replies":[{"embeddable":true,"href":"https:\/\/newbrunswick.armycadetleague.ca\/fr\/wp-json\/wp\/v2\/comments?post=6978"}],"version-history":[{"count":19,"href":"https:\/\/newbrunswick.armycadetleague.ca\/fr\/wp-json\/wp\/v2\/pages\/6978\/revisions"}],"predecessor-version":[{"id":8309,"href":"https:\/\/newbrunswick.armycadetleague.ca\/fr\/wp-json\/wp\/v2\/pages\/6978\/revisions\/8309"}],"wp:attachment":[{"href":"https:\/\/newbrunswick.armycadetleague.ca\/fr\/wp-json\/wp\/v2\/media?parent=6978"}],"curies":[{"name":"wp","href":"https:\/\/api.w.org\/{rel}","templated":true}]}}