{"id":7052,"date":"2017-06-19T16:19:37","date_gmt":"2017-06-19T16:19:37","guid":{"rendered":"http:\/\/example5-2.armycadetleague.ca\/resources\/"},"modified":"2017-09-04T15:21:25","modified_gmt":"2017-09-04T15:21:25","slug":"ressources","status":"publish","type":"page","link":"https:\/\/newbrunswick.armycadetleague.ca\/fr\/ressources\/","title":{"rendered":"Ressources"},"content":{"rendered":"<p><section   class=\"fw-main-row-custom fw-main-row-top  fw_theme_bg_fw-custom fw-section-image fw-section-height-md  fw-section-position-back tf-sh-d9a61d8f1f041d39a59903fe4329e37a\"  style=\" background-image:url(\/\/example5-2.armycadetleague.ca\/wp-content\/uploads\/2017\/06\/books.jpg); background-repeat: no-repeat; background-position: center center; background-size: cover;\"  >\n\t\t<div class=\"fw-main-row-overlay fw_theme_bg_color_3\" style=\"opacity: 0.52;\"><\/div>\t<div class=\"fw-container-fluid\" >\n\t\t<div class=\"fw-row\">\n\t<div id=\"column-69f55a01d2c35\" class=\"fw-col-sm-12 tf-sh-6b5822387626a20fb349a6afb3ed14fe\" >\n\t<div class=\"fw-wrap-col-inner clearfix  \"   >\n\t\t\t\t<div class=\"fw-col-inner\">\n\t\t\t<div class=\"fw-divider-space space-md  clearfix\"  ><\/div>\t\t<\/div>\n\t<\/div>\n<\/div><\/div>\n\n<div class=\"fw-row\">\n\t<div id=\"column-69f55a01d3023\" class=\"fw-col-sm-12 tf-sh-6b5822387626a20fb349a6afb3ed14fe\" >\n\t<div class=\"fw-wrap-col-inner clearfix  \"   >\n\t\t\t\t<div class=\"fw-col-inner\">\n\t\t\t<div class=\"fw-heading fw-heading-center  tf-sh-d19feeb8cf513ea6aa57bf010471d0c3\" >\n\t\t\t<h1 class=\"fw-special-title\">RESSOURCES<\/h1>\n\t\n\t\n\t<\/div>\t\t<\/div>\n\t<\/div>\n<\/div><\/div>\n\n<div class=\"fw-row\">\n\t<div id=\"column-69f55a01d3448\" class=\"fw-col-sm-12 tf-sh-6b5822387626a20fb349a6afb3ed14fe\" >\n\t<div class=\"fw-wrap-col-inner clearfix  \"   >\n\t\t\t\t<div class=\"fw-col-inner\">\n\t\t\t<div class=\"fw-divider-space space-md  clearfix\"  ><\/div>\t\t<\/div>\n\t<\/div>\n<\/div><\/div>\n\n\t<\/div>\n\t<\/section><section   class=\"fw-main-row-custom  auto  fw-section-position-back tf-sh-9e4b2af393287f70489e32129a8d5259\"    >\n\t\t\t<div class=\"fw-container\" >\n\t\t<div class=\"fw-row\">\n\t<div id=\"column-69f55a01d38b0\" class=\"fw-col-sm-12 tf-sh-6b5822387626a20fb349a6afb3ed14fe\" >\n\t<div class=\"fw-wrap-col-inner clearfix  \"   >\n\t\t\t\t<div class=\"fw-col-inner\">\n\t\t\t<div class=\"fw-divider-space space-md  clearfix\"  ><\/div>\t\t<\/div>\n\t<\/div>\n<\/div><\/div>\n\n<div class=\"fw-row\">\n\t<div id=\"column-69f55a01d3bc9\" class=\"fw-col-sm-3 tf-sh-9c5fb307d3ed2bfad2a424bd2a897024\" >\n\t<div class=\"fw-wrap-col-inner clearfix  \"   >\n\t\t\t\t<div class=\"fw-col-inner\">\n\t\t\t<div class=\"fw-icon-title fw-icon-title-top clearfix tf-sh-dbf50fe2678039c916728c8209d8275a  fw-content-align-center\" >\n\t\t\t<div class=\"fw-icon-title-name\">\n\t\t\t<div class=\"fw-icon-title-name-inner\">\n\t\t\t\t\t\t\t\t\t<span class=\"fw-icon-title-icon fw-custom-icon-image\">\n\t\t\t\t\t\t\t\t\t\t\t\t\t<a class=\"\" href=\"http:\/\/example5-2.armycadetleague.ca\/fr\/ressources\/assurance\/\"  target=\"_self\">\n\t\t\t\t\t\t\t\t<img decoding=\"async\" src=\"\/\/example5-2.armycadetleague.ca\/wp-content\/uploads\/insurnace-logo.png\" alt=\"\" \/>\t\t\t\t\t\t\t<\/a>\n\t\t\t\t\t\t\t\t\t\t\t<\/span>\n\t\t\t\t\n\t\t\t\t\t\t\t\t\t\t\t\t\t<h4 class=\"fw-icon-title-text\">\n\t\t\t\t\t\t<a class=\"\" href=\"http:\/\/example5-2.armycadetleague.ca\/fr\/ressources\/assurance\/\"  target=\"_self\">Assurance<\/a>\n\t\t\t\t\t<\/h4>\n\t\t\t\t\t\t\t\t\t\t<\/div>\n\t\t<\/div>\n\t<\/div><div class=\"fw-text-box tf-sh-d63d7ef8fed3138490c5626e6a0e0da5 \" >\n\t<div class=\"fw-text-inner\">\n\t\t<p style=\"text-align: center;\">Un certificat d\u2019assurance vous donnera la preuve n\u00e9cessaire et il peut \u00eatre \u00e9mis simplement en remplissant le formulaire \u00e9lectronique<\/p>\n\t<\/div>\n<\/div>\t\t<\/div>\n\t<\/div>\n<\/div><div id=\"column-69f55a01d42a6\" class=\"fw-col-sm-3 tf-sh-8dff8ec59b7409cc55bcfb2c608be44a\" >\n\t<div class=\"fw-wrap-col-inner clearfix  \"   >\n\t\t\t\t<div class=\"fw-col-inner\">\n\t\t\t<div class=\"fw-icon-title fw-icon-title-top clearfix tf-sh-b2952115100953b1fd4c9170c312d106  fw-content-align-center\" >\n\t\t\t<div class=\"fw-icon-title-name\">\n\t\t\t<div class=\"fw-icon-title-name-inner\">\n\t\t\t\t\t\t\t\t\t<span class=\"fw-icon-title-icon fw-custom-icon-image\">\n\t\t\t\t\t\t\t\t\t\t\t\t\t<a class=\"\" href=\"http:\/\/www.joedrouin.com\/\"  target=\"_blank\">\n\t\t\t\t\t\t\t\t<img decoding=\"async\" src=\"\/\/example5-2.armycadetleague.ca\/wp-content\/uploads\/2017\/06\/kit-shop-1.png\" alt=\"\" \/>\t\t\t\t\t\t\t<\/a>\n\t\t\t\t\t\t\t\t\t\t\t<\/span>\n\t\t\t\t\n\t\t\t\t\t\t\t\t\t\t\t\t\t<h4 class=\"fw-icon-title-text\">\n\t\t\t\t\t\t<a class=\"\" href=\"http:\/\/www.joedrouin.com\/\"  target=\"_blank\">Boutique<\/a>\n\t\t\t\t\t<\/h4>\n\t\t\t\t\t\t\t\t\t\t<\/div>\n\t\t<\/div>\n\t<\/div><div class=\"fw-text-box tf-sh-916062817a5c121ec6bc764841d93555 \" >\n\t<div class=\"fw-text-inner\">\n\t\t<p style=\"text-align: center;\">Achetez des items de la ligue des cadet de l'Arm\u00e9e aux\u00a0entreprises Joe Drouin.<\/p>\n\t<\/div>\n<\/div>\t\t<\/div>\n\t<\/div>\n<\/div><div id=\"column-69f55a01d45ac\" class=\"fw-col-sm-3 tf-sh-948dac4bedc3daa9c167dd22df828278\" >\n\t<div class=\"fw-wrap-col-inner clearfix  \"   >\n\t\t\t\t<div class=\"fw-col-inner\">\n\t\t\t<div class=\"fw-icon-title fw-icon-title-top clearfix tf-sh-5c4f571ae085b0358c2968cfb87f50ef  fw-content-align-center\" >\n\t\t\t<div class=\"fw-icon-title-name\">\n\t\t\t<div class=\"fw-icon-title-name-inner\">\n\t\t\t\t\t\t\t\t\t<span class=\"fw-icon-title-icon fw-custom-icon-image\">\n\t\t\t\t\t\t\t\t\t\t\t\t\t<a class=\"\" href=\"http:\/\/example5-2.armycadetleague.ca\/fr\/ressources\/toolbox\/\"  target=\"_self\">\n\t\t\t\t\t\t\t\t<img decoding=\"async\" src=\"\/\/example5-2.armycadetleague.ca\/wp-content\/uploads\/2017\/06\/tools-1.png\" alt=\"\" \/>\t\t\t\t\t\t\t<\/a>\n\t\t\t\t\t\t\t\t\t\t\t<\/span>\n\t\t\t\t\n\t\t\t\t\t\t\t\t\t\t\t\t\t<h4 class=\"fw-icon-title-text\">\n\t\t\t\t\t\t<a class=\"\" href=\"http:\/\/example5-2.armycadetleague.ca\/fr\/ressources\/toolbox\/\"  target=\"_self\">Boite \u00e0 outils<\/a>\n\t\t\t\t\t<\/h4>\n\t\t\t\t\t\t\t\t\t\t<\/div>\n\t\t<\/div>\n\t<\/div><div class=\"fw-text-box tf-sh-2d6371c5ddd146b9a564117fbbe8d9c7 \" >\n\t<div class=\"fw-text-inner\">\n\t\t<p style=\"text-align: center;\">Ressources et outils disponibles pour tous les membres et b\u00e9n\u00e9voles qui travaillent avec la ligue ou les corps des cadets de l'Arm\u00e9e.<\/p>\n\t<\/div>\n<\/div>\t\t<\/div>\n\t<\/div>\n<\/div><div id=\"column-69f55a01d489c\" class=\"fw-col-sm-3 tf-sh-c0f6325db1b9a1737c1c96d23b44a43f\" >\n\t<div class=\"fw-wrap-col-inner clearfix  \"   >\n\t\t\t\t<div class=\"fw-col-inner\">\n\t\t\t<div class=\"fw-icon-title fw-icon-title-top clearfix tf-sh-52232a797bc3debf8a6d306ec5187d9f  fw-content-align-center\" >\n\t\t\t<div class=\"fw-icon-title-name\">\n\t\t\t<div class=\"fw-icon-title-name-inner\">\n\t\t\t\t\t\t\t\t\t<span class=\"fw-icon-title-icon fw-custom-icon-image\">\n\t\t\t\t\t\t\t\t\t\t\t\t\t<a class=\"\" href=\"\/resources\/strategic-plan\"  target=\"_self\">\n\t\t\t\t\t\t\t\t<img decoding=\"async\" src=\"\/\/example5-2.armycadetleague.ca\/wp-content\/uploads\/2017\/06\/plan-1.png\" alt=\"\" \/>\t\t\t\t\t\t\t<\/a>\n\t\t\t\t\t\t\t\t\t\t\t<\/span>\n\t\t\t\t\n\t\t\t\t\t\t\t\t\t\t\t\t\t<h4 class=\"fw-icon-title-text\">\n\t\t\t\t\t\t<a class=\"\" href=\"\/resources\/strategic-plan\"  target=\"_self\">Plan Strat\u00e9gique (PS) 2014-2018<\/a>\n\t\t\t\t\t<\/h4>\n\t\t\t\t\t\t\t\t\t\t<\/div>\n\t\t<\/div>\n\t<\/div><div class=\"fw-text-box tf-sh-4ed02a9cae56b6736349fce7b1482880 \" >\n\t<div class=\"fw-text-inner\">\n\t\t<p style=\"text-align: center;\">Notre\u00a0plan strat\u00e9gique nous fais avanc\u00e9e jusqu'\u00e0 2018.<\/p>\n\t<\/div>\n<\/div>\t\t<\/div>\n\t<\/div>\n<\/div><\/div>\n\n<div class=\"fw-row\">\n\t<div id=\"column-69f55a01d4cb7\" class=\"fw-col-sm-12 tf-sh-6b5822387626a20fb349a6afb3ed14fe\" >\n\t<div class=\"fw-wrap-col-inner clearfix  \"   >\n\t\t\t\t<div class=\"fw-col-inner\">\n\t\t\t<div class=\"fw-divider-space space-md  clearfix\"  ><\/div>\t\t<\/div>\n\t<\/div>\n<\/div><\/div>\n\n\t<\/div>\n\t<\/section><\/p>\n","protected":false},"excerpt":{"rendered":"<p>RESSOURCES Assurance Un certificat d\u2019assurance vous donnera la preuve n\u00e9cessaire et il peut \u00eatre \u00e9mis simplement en remplissant le formulaire \u00e9lectronique Boutique Achetez des items de la ligue des cadet de l&rsquo;Arm\u00e9e aux\u00a0entreprises Joe Drouin. Boite \u00e0 outils Ressources et outils disponibles pour tous les membres et b\u00e9n\u00e9voles qui travaillent avec la ligue ou les [&hellip;]<\/p>\n","protected":false},"author":1,"featured_media":0,"parent":0,"menu_order":0,"comment_status":"closed","ping_status":"closed","template":"visual-builder-template.php","meta":{"footnotes":"","_links_to":"","_links_to_target":""},"class_list":["post-7052","page","type-page","status-publish","hentry"],"_links":{"self":[{"href":"https:\/\/newbrunswick.armycadetleague.ca\/fr\/wp-json\/wp\/v2\/pages\/7052","targetHints":{"allow":["GET"]}}],"collection":[{"href":"https:\/\/newbrunswick.armycadetleague.ca\/fr\/wp-json\/wp\/v2\/pages"}],"about":[{"href":"https:\/\/newbrunswick.armycadetleague.ca\/fr\/wp-json\/wp\/v2\/types\/page"}],"author":[{"embeddable":true,"href":"https:\/\/newbrunswick.armycadetleague.ca\/fr\/wp-json\/wp\/v2\/users\/1"}],"replies":[{"embeddable":true,"href":"https:\/\/newbrunswick.armycadetleague.ca\/fr\/wp-json\/wp\/v2\/comments?post=7052"}],"version-history":[{"count":11,"href":"https:\/\/newbrunswick.armycadetleague.ca\/fr\/wp-json\/wp\/v2\/pages\/7052\/revisions"}],"predecessor-version":[{"id":7082,"href":"https:\/\/newbrunswick.armycadetleague.ca\/fr\/wp-json\/wp\/v2\/pages\/7052\/revisions\/7082"}],"wp:attachment":[{"href":"https:\/\/newbrunswick.armycadetleague.ca\/fr\/wp-json\/wp\/v2\/media?parent=7052"}],"curies":[{"name":"wp","href":"https:\/\/api.w.org\/{rel}","templated":true}]}}