{"id":7057,"date":"2017-06-19T18:04:26","date_gmt":"2017-06-19T18:04:26","guid":{"rendered":"http:\/\/example5-2.armycadetleague.ca\/ressources\/insurance\/"},"modified":"2017-09-19T15:26:31","modified_gmt":"2017-09-19T15:26:31","slug":"assurance","status":"publish","type":"page","link":"https:\/\/newbrunswick.armycadetleague.ca\/fr\/ressources\/assurance\/","title":{"rendered":"Assurance"},"content":{"rendered":"<p><section   class=\"fw-main-row-custom fw-main-row-top  fw_theme_bg_fw-custom fw-section-image fw-section-height-md  fw-section-position-back tf-sh-d9a61d8f1f041d39a59903fe4329e37a\"  style=\" background-image:url(\/\/example5-2.armycadetleague.ca\/wp-content\/uploads\/2017\/06\/signature-header.jpg); background-repeat: no-repeat; background-position: center center; background-size: cover;\"  >\n\t\t\t<div class=\"fw-container-fluid\" >\n\t\t<div class=\"fw-row\">\n\t<div id=\"column-69f563820a7dc\" class=\"fw-col-sm-12 tf-sh-af185fdceba8df7ad13bebce94afbd2e\" >\n\t<div class=\"fw-wrap-col-inner clearfix  \"   >\n\t\t\t\t<div class=\"fw-col-inner\">\n\t\t\t<div class=\"fw-divider-space space-md  clearfix\"  ><\/div>\t\t<\/div>\n\t<\/div>\n<\/div><\/div>\n\n<div class=\"fw-row\">\n\t<div id=\"column-69f563820ac2c\" class=\"fw-col-sm-12 tf-sh-af185fdceba8df7ad13bebce94afbd2e\" >\n\t<div class=\"fw-wrap-col-inner clearfix  \"   >\n\t\t\t\t<div class=\"fw-col-inner\">\n\t\t\t<div class=\"fw-heading fw-heading-center  tf-sh-d19feeb8cf513ea6aa57bf010471d0c3\" >\n\t\t\t<h1 class=\"fw-special-title\">ASSURANCE<\/h1>\n\t\n\t\n\t<\/div>\t\t<\/div>\n\t<\/div>\n<\/div><\/div>\n\n<div class=\"fw-row\">\n\t<div id=\"column-69f563820b0bc\" class=\"fw-col-sm-12 tf-sh-af185fdceba8df7ad13bebce94afbd2e\" >\n\t<div class=\"fw-wrap-col-inner clearfix  \"   >\n\t\t\t\t<div class=\"fw-col-inner\">\n\t\t\t<div class=\"fw-divider-space space-md  clearfix\"  ><\/div>\t\t<\/div>\n\t<\/div>\n<\/div><\/div>\n\n\t<\/div>\n\t<\/section><section   class=\"fw-main-row-custom  auto  fw-section-position-back tf-sh-c024bb6ee9a9f69bb5e44591312d3bc7\"    >\n\t\t\t<div class=\"fw-container\" >\n\t\t<div class=\"fw-row\">\n\t<div id=\"column-69f563820b577\" class=\"fw-col-sm-12 tf-sh-af185fdceba8df7ad13bebce94afbd2e\" >\n\t<div class=\"fw-wrap-col-inner clearfix  \"   >\n\t\t\t\t<div class=\"fw-col-inner\">\n\t\t\t<div class=\"fw-divider-space space-md  clearfix\"  ><\/div>\t\t<\/div>\n\t<\/div>\n<\/div><\/div>\n\n<div class=\"fw-row\">\n\t<div id=\"column-69f563820b82f\" class=\"fw-col-sm-12 tf-sh-5a72af3970e421ad0f1e1b8dfb5b984f\" >\n\t<div class=\"fw-wrap-col-inner clearfix  \"   >\n\t\t\t\t<div class=\"fw-col-inner\">\n\t\t\t<div class=\"fw-text-box tf-sh-de4d0f9a2487b546e2dc8e75d1bb4db8 \" >\n\t<div class=\"fw-text-inner\">\n\t\t<h5 style=\"text-align: center;\">Il peut arriver, \u00e0 l\u2019occasion, qu\u2019un partisan\/agence\/entreprise vous demande de fournir une preuve d\u2019assurance afin d\u2019avoir acc\u00e8s aux locaux n\u00e9cessaires pour tenir une activit\u00e9 approuv\u00e9e. Un certificat d\u2019assurance vous donnera la preuve n\u00e9cessaire et il peut \u00eatre \u00e9mis simplement en remplissant le formulaire \u00e9lectronique.<\/h5>\n\t<\/div>\n<\/div><div class=\"fw-divider-space space-sm  clearfix\"  ><\/div>\t\t<\/div>\n\t<\/div>\n<\/div><\/div>\n\n<div class=\"fw-row\">\n\t<div id=\"column-69f563820bf26\" class=\"fw-col-sm-6 tf-sh-4f9ff1bdc405f5590a1bf8e4c8fd601b\" >\n\t<div class=\"fw-wrap-col-inner clearfix  \"   >\n\t\t\t\t<div class=\"fw-col-inner\">\n\t\t\t<div class=\"fw-text-box tf-sh-cae78e3ff6d2761d7ae98851faea5f1c \" >\n\t<div class=\"fw-text-inner\">\n\t\t<p><a href=\"http:\/\/fs2.formsite.com\/aclc\/Insurancerequest\/index.html\" target=\"_blank\" rel=\"noopener\"><\/a><a href=\"http:\/\/fs2.formsite.com\/aclc\/Insurancerequest\/index.html\" target=\"_blank\" rel=\"noopener\"><img loading=\"lazy\" decoding=\"async\" class=\"aligncenter wp-image-7074\" src=\"http:\/\/example5-2.armycadetleague.ca\/wp-content\/uploads\/Button_Formulaire-de-demande-d\u2019un-certificat.png\" alt=\"\" width=\"508\" height=\"40\" srcset=\"https:\/\/newbrunswick.armycadetleague.ca\/wp-content\/uploads\/sites\/20\/Button_Formulaire-de-demande-d\u2019un-certificat.png 800w, https:\/\/newbrunswick.armycadetleague.ca\/wp-content\/uploads\/sites\/20\/Button_Formulaire-de-demande-d\u2019un-certificat-300x24.png 300w, https:\/\/newbrunswick.armycadetleague.ca\/wp-content\/uploads\/sites\/20\/Button_Formulaire-de-demande-d\u2019un-certificat-768x60.png 768w, https:\/\/newbrunswick.armycadetleague.ca\/wp-content\/uploads\/sites\/20\/Button_Formulaire-de-demande-d\u2019un-certificat-786x63.png 786w\" sizes=\"auto, (max-width: 508px) 100vw, 508px\" \/><\/a><\/p>\n\t<\/div>\n<\/div>\t\t<\/div>\n\t<\/div>\n<\/div><div id=\"column-69f563820c2a5\" class=\"fw-col-sm-6 tf-sh-6ae85edbcd6af4ca6b1ed0c3aa123c42\" >\n\t<div class=\"fw-wrap-col-inner clearfix  \"   >\n\t\t\t\t<div class=\"fw-col-inner\">\n\t\t\t<div class=\"fw-text-box tf-sh-8841b1f919238a9b0f16a4b06b6bb2d1 \" >\n\t<div class=\"fw-text-inner\">\n\t\t<p style=\"text-align: center;\"><a href=\"https:\/\/fs2.formsite.com\/aclc\/insuranceclaim\/index.html\" target=\"_blank\" rel=\"noopener\"><\/a><a href=\"https:\/\/fs2.formsite.com\/aclc\/insuranceclaim\/index.html\" target=\"_blank\" rel=\"noopener\"><img loading=\"lazy\" decoding=\"async\" class=\"alignnone wp-image-7449\" src=\"http:\/\/example5-2.armycadetleague.ca\/wp-content\/uploads\/Re\u0301clamation-potentielle.png\" alt=\"\" width=\"333\" height=\"40\" srcset=\"https:\/\/newbrunswick.armycadetleague.ca\/wp-content\/uploads\/sites\/20\/Re\u0301clamation-potentielle.png 425w, https:\/\/newbrunswick.armycadetleague.ca\/wp-content\/uploads\/sites\/20\/Re\u0301clamation-potentielle-300x36.png 300w\" sizes=\"auto, (max-width: 333px) 100vw, 333px\" \/><\/a><\/p>\n\t<\/div>\n<\/div>\t\t<\/div>\n\t<\/div>\n<\/div><\/div>\n\n<div class=\"fw-row\">\n\t<div id=\"column-69f563820c79a\" class=\"fw-col-sm-12 tf-sh-855d9f6b9c28f12541218cc571474be6\" >\n\t<div class=\"fw-wrap-col-inner clearfix  \"   >\n\t\t\t\t<div class=\"fw-col-inner\">\n\t\t\t<div class=\"fw-divider-space space-sm  clearfix\"  ><\/div><div class=\"panel-group fw-accordion  tf-sh-1924513a784e9b965d67a05824e53edf\"  id=\"accordion-1924513a784e9b965d67a05824e53edf\" role=\"tablist\" aria-multiselectable=\"true\">\n\t\t\t<div class=\"panel\">\n\t\t\t<div class=\"panel-heading\" role=\"tab\" id=\"acc-heading-accordion-1924513a784e9b965d67a05824e53edf-1\">\n\t\t\t\t<h5 class=\"panel-title\">\n\t\t\t\t\t<a class=\"\" data-toggle=\"collapse\" data-parent=\"#accordion-1924513a784e9b965d67a05824e53edf\" href=\"#acc-tab-accordion-1924513a784e9b965d67a05824e53edf-1\" aria-expanded=\"true\" aria-controls=\"acc-tab-accordion-1924513a784e9b965d67a05824e53edf-1\">\n\t\t\t\t\t\t SECTION 1 \u2013 G\u00c9N\u00c9RALIT\u00c9S\t\t\t\t\t<\/a>\n\t\t\t\t<\/h5>\n\t\t\t<\/div>\n\t\t\t<div id=\"acc-tab-accordion-1924513a784e9b965d67a05824e53edf-1\" class=\"panel-collapse collapse in\" role=\"tabpanel\" aria-labelledby=\"acc-heading-accordion-1924513a784e9b965d67a05824e53edf-1\">\n\t\t\t\t<div class=\"panel-body\">\n\t\t\t\t\t<h5><strong>POURQUOI UNE POLICE D\u2019ASSURANCE ?<\/strong><\/h5><p>Le Mouvement canadien des cadets (MCC) est une organisation canadienne unique compos\u00e9e de nombreux b\u00e9n\u00e9voles et d\u2019individus qui travaillent en partenariat avec les Forces canadiennes pour le bien de notre jeunesse. Ces personnes comprennent des membres des Forces canadiennes (FC) ainsi que des instructeurs civils sous contrat avec le Minist\u00e8re de la D\u00e9fense nationale (MDN) pour lesquels le MDN assume les assurances responsabilit\u00e9 et accident.<\/p><p>Les cadets, les r\u00e9pondants, les membres, les escortes et les b\u00e9n\u00e9voles de la Ligue sont par d\u00e9finition des \u201ccivils\u201d. La possibilit\u00e9 d\u2019une poursuite judiciaire et les d\u00e9penses en r\u00e9sultants tout comme les indemnit\u00e9s ordonn\u00e9es par la cour sont un risque r\u00e9el et imm\u00e9diat. Par cons\u00e9quent, la Ligue des cadets de l\u2019Arm\u00e9e du Canada (LCAC) assume la responsabilit\u00e9 de prot\u00e9ger tous ses membres civils contre les risques en contractant et en administrant une police d\u2019assurance qui les prot\u00e8ge lorsqu\u2019ils travaillent pour le programme des cadets de l\u2019Arm\u00e9e.<\/p><h5>QUELLES POLICES SONT EN VIGUEUR?<\/h5><p>La LCAC a contract\u00e9 plusieurs polices qui couvrent diff\u00e9rents aspects du programme des cadets:<\/p><ul><li>Assurance accident (une couverture contre les blessures\u00a0; voir la section 2 pour plus de d\u00e9tails).<\/li><li>Assurance responsabilit\u00e9 (prot\u00e8ge contre les r\u00e9clamations en responsabilit\u00e9 civile ou les poursuites judiciaires\u00a0; voir la section 3 pour plus de d\u00e9tails).<\/li><li>Assurance responsabilit\u00e9 des directeurs et officiers de la LCAC (responsabilit\u00e9 d\u2019association\u00a0; pour tous les gouverneurs, directeurs, administrateurs et officiers de la ligue d\u00fbment \u00e9lus ou nomm\u00e9s).<\/li><\/ul><p><strong><em>Il est important de bien saisir les clauses qui d\u00e9terminent l\u2019admissibilit\u00e9 d\u2019un cadet ou d\u2019un adulte \u00e0 la couverture de nos polices d\u2019assurance. La condition primordiale est que l\u2019activit\u00e9 pendant laquelle l\u2019accident est survenu DOIVE \u00eatre une activit\u00e9 de cadets autoris\u00e9e. L\u2019assureur peut demander une preuve que l\u2019activit\u00e9 \u00e9tait effectivement autoris\u00e9e. La preuve peut \u00eatre sous forme de syllabus d\u2019entra\u00eenement, d\u2019ordres courants ou de formulaires d\u2019autorisation fournis par le MDN\/Cmdt de d\u00e9tachement.<\/em><\/strong><\/p><h5><strong>QUI D\u00c9TERMINE LES PRIMES ET COMMENT SONT-ELLES PAY\u00c9ES?<\/strong><\/h5><p>Les primes sont d\u00e9termin\u00e9es par l\u2019\u00e9metteur et le courtier d\u2019assurance et peuvent \u00eatre modifi\u00e9es de temps en temps. Les primes sont assum\u00e9es \u00e0 l\u2019avance par le Bureau national de la LCAC. et, par la suite r\u00e9clam\u00e9es \u00e0 chaque division de la Ligue selon les quotas autoris\u00e9s.<\/p>\t\t\t\t<\/div>\n\t\t\t<\/div>\n\t\t<\/div>\n\t\t\t<div class=\"panel\">\n\t\t\t<div class=\"panel-heading\" role=\"tab\" id=\"acc-heading-accordion-1924513a784e9b965d67a05824e53edf-2\">\n\t\t\t\t<h5 class=\"panel-title\">\n\t\t\t\t\t<a class=\"collapsed\" data-toggle=\"collapse\" data-parent=\"#accordion-1924513a784e9b965d67a05824e53edf\" href=\"#acc-tab-accordion-1924513a784e9b965d67a05824e53edf-2\" aria-expanded=\"false\" aria-controls=\"acc-tab-accordion-1924513a784e9b965d67a05824e53edf-2\">\n\t\t\t\t\t\t SECTION 1 \u2013 ASSURANCE ACCIDENT\t\t\t\t\t<\/a>\n\t\t\t\t<\/h5>\n\t\t\t<\/div>\n\t\t\t<div id=\"acc-tab-accordion-1924513a784e9b965d67a05824e53edf-2\" class=\"panel-collapse collapse \" role=\"tabpanel\" aria-labelledby=\"acc-heading-accordion-1924513a784e9b965d67a05824e53edf-2\">\n\t\t\t\t<div class=\"panel-body\">\n\t\t\t\t\t<p>Cette police couvre seulement les blessures r\u00e9sultant d\u2019un accident. Ce n\u2019est pas une police d\u2019assurance con\u00e7ue comme police primaire. Elle est con\u00e7ue en tant que <strong>police compl\u00e9mentaire<\/strong> pour les \u00e9l\u00e9ments que la\/les autres polices ne couvrent pas ou dans le cas o\u00f9 elles sont expir\u00e9es, \u00e0 savoir\u00a0: l\u2019assurance-maladie provinciale, l\u2019assurance m\u00e9dicale ou dentaire priv\u00e9e, l\u2019assurance automobile, etc.. Par exemple, lorsqu\u2019un cadet a besoin de traitements chiropratiques r\u00e9sultant d\u2019un accident, et que le cadet est couvert par un autre plan d\u2019assurance qui offre des b\u00e9n\u00e9fices similaires, les plans d\u2019assurances seront coordonn\u00e9s.<\/p><h5><strong>QUI EST COUVERT\u00a0?<\/strong><\/h5><p>Les cadets Canadiens \u00e2g\u00e9s de moins de 19 ans (incluant les cadets en \u00e9change des pays \u00e9trangers qui n\u2019ont pas plus de 21ans), tous les membres de la Ligue, les b\u00e9n\u00e9voles, les escortes et les employ\u00e9s \u00e0 temps plein sont couverts par cette police. L\u2019\u00e2ge limite pour ceux couverts par cette police est de 90 ans. La couverture diff\u00e8re pour chaque groupe d\u2019\u00e2ges.<\/p><p>Il est tr\u00e8s important de noter que la police d\u2019assurance ne couvre que les individus qui ont un poste officiel avec la LCAC en tant que membres, r\u00e9pondants ou b\u00e9n\u00e9voles approuv\u00e9s. . Il est aussi fortement recommand\u00e9 que tous les b\u00e9n\u00e9voles d\u2019un corps de cadets joignent la LCAC selon sa politique d\u2019adh\u00e9sion afin d\u2019\u00eatre prot\u00e9g\u00e9s.<\/p><h5><strong>QUELLE PROTECTION EST FOURNIE\u00a0?<\/strong><\/h5><p>En termes g\u00e9n\u00e9raux, la police accidents accorde les b\u00e9n\u00e9fices suivants:<\/p><ul><li>Mort accidentelle et perte de membre.<\/li><li>Indemnit\u00e9 hebdomadaire en cas d\u2019accident \u2013 $35\/semaine (cadets \u00e2g\u00e9s entre 16 ans et 20 ans seulement)<\/li><li>Prestation de remboursement en cas d\u2019accident pour d\u00e9penses encourues pour : services hospitaliers\u00a0; services d\u2019ambulance licenci\u00e9e; emploi d\u2019une infirmi\u00e8re dipl\u00f4m\u00e9e; traitement raisonnable ou habituel d\u2019un chiropraticien ou d\u2019un ost\u00e9opathe licenci\u00e9; location de b\u00e9quilles, de chaise roulante ou d\u2019appareils ou de lits de type hospitalier; m\u00e9dicaments sur ordonnance; co\u00fbt des attelles, des bandages herniaires ou appareils orthop\u00e9diques; physioth\u00e9rapie lorsque recommand\u00e9e par un m\u00e9decin ou chirurgien l\u00e9galement certifi\u00e9; achat initial d\u2019une proth\u00e8se auditive ou oculaire ou orth\u00e8se jusqu\u2019\u00e0 concurrence de 1 500 $; rayons X.<\/li><li>D\u00e9penses dentaires en cas d\u2019accident.<\/li><li>R\u00e9adaptation<\/li><li>Rapatriement.<\/li><li>Frais de d\u00e9placement d\u2019un membre de la famille.<\/li><li>Adaptation de la maison et d\u2019un v\u00e9hicule.<\/li><li>Ceinture de s\u00e9curit\u00e9.<\/li><li>Garantie des frais de cours particuliers (cadets seulement).<\/li><\/ul><p>Svp vous r\u00e9f\u00e9rer au paragraphe suivant pour des exemples d\u2019\u00e9v\u00e9nements qui ne sont pas couverts par cette police. Les d\u00e9tails et limitations de la police sont contenus dans la police d\u2019assurance ma\u00eetresse administr\u00e9e par le Bureau national de la LCAC.<\/p><h5>QUELLES CIRCONSTANCES NE SONT PAS COUVERTES ?<\/h5><p>Notez que les cadets sont couverts durant leur d\u00e9placement \u00e0 partir de la maison ou du point de rassemblement jusqu\u2019\u00e0 l\u2019activit\u00e9 de cadets et de l\u2019activit\u00e9 de cadets jusqu\u2019\u00e0 la maison. Cependant, tout arr\u00eat entre le point de d\u00e9part et l\u2019activit\u00e9 de cadets mettra fin \u00e0 la couverture \u00e0 moins que ce ou ces arr\u00eats ne soient pr\u00e9vus \u00e0 l\u2019activit\u00e9.<\/p><p>Les parents qui transportent les cadets dans leur propre v\u00e9hicule assume la responsabilit\u00e9 pour les cadets et doivent poss\u00e9der une assurance auto suffisante, conform\u00e9ment aux lois de la province o\u00f9 ils r\u00e9sident.<\/p><p>Les FAC assument une certaine forme de protection en cas d\u2019accident, comme les urgences dentaires et m\u00e9dicales et les lunettes endommag\u00e9es pendant des activit\u00e9s de cadets autoris\u00e9es<\/p><h5>COMMENT FAIRE UNE R\u00c9CLAMATION DE REMBOURSEMENT?<\/h5><p>Dans tous les cas o\u00f9 un accident ou une blessure survienne a un cadet ou \u00e0 un b\u00e9n\u00e9vole durant une activit\u00e9 de cadets, un formulaire DND 2299, \u201cRAPPORT EN CAS DE BLESSURE OU EXPOSITION \u00c0 DU MAT\u00c9RIEL TOXIQUE\u201d doit \u00eatre compl\u00e9t\u00e9 par le commandant du corps de cadets et soumis \u00e0 l\u2019USRC dans les trente jours suivant l\u2019accident. Le rapport sera par la suite achemin\u00e9 au Bureau national de la LCAC.<\/p><p>Les r\u00e9clamations pour le remboursement des d\u00e9penses doivent \u00eatre faites sur le formulaire de r\u00e9clamation d\u2019accident de la Ligue et soumises au Bureau national de la LCAC dans les 52 semaines suivant la date de l\u2019accident. Le formulaire de r\u00e9clamation doit \u00eatre d\u00fbment compl\u00e9t\u00e9, incluant toutes les signatures n\u00e9cessaires (r\u00e9clamant, m\u00e9decin) et la r\u00e9clamation doit \u00eatre accompagn\u00e9e des factures \u201coriginales\u201d; les copies de factures ne sont pas accept\u00e9es par l\u2019assureur. Il est cependant fortement recommande d\u2019aviser le bureau national imm\u00e9diatement d\u2019un accident grave par courrier, fax ou par courriel etc., afin qu\u2019un dossier puisse \u00eatre cr\u00e9e par l\u2019assureur.<\/p>\t\t\t\t<\/div>\n\t\t\t<\/div>\n\t\t<\/div>\n\t\t\t<div class=\"panel\">\n\t\t\t<div class=\"panel-heading\" role=\"tab\" id=\"acc-heading-accordion-1924513a784e9b965d67a05824e53edf-3\">\n\t\t\t\t<h5 class=\"panel-title\">\n\t\t\t\t\t<a class=\"collapsed\" data-toggle=\"collapse\" data-parent=\"#accordion-1924513a784e9b965d67a05824e53edf\" href=\"#acc-tab-accordion-1924513a784e9b965d67a05824e53edf-3\" aria-expanded=\"false\" aria-controls=\"acc-tab-accordion-1924513a784e9b965d67a05824e53edf-3\">\n\t\t\t\t\t\t SECTION 3 \u2013 ASSURANCE RESPONSABILIT\u00c9\t\t\t\t\t<\/a>\n\t\t\t\t<\/h5>\n\t\t\t<\/div>\n\t\t\t<div id=\"acc-tab-accordion-1924513a784e9b965d67a05824e53edf-3\" class=\"panel-collapse collapse \" role=\"tabpanel\" aria-labelledby=\"acc-heading-accordion-1924513a784e9b965d67a05824e53edf-3\">\n\t\t\t\t<div class=\"panel-body\">\n\t\t\t\t\t<h5>QUI EST COUVERT?<\/h5><p>L\u2019assurance responsabilit\u00e9 couvrira les actions l\u00e9gales des cadets, de la Ligue des cadets de l\u2019Arm\u00e9e du Canada et ses divisions, des membres de la Ligue (incluant les membres des divisions provinciales et territoriales), des employ\u00e9s au niveau national de la Ligue et de ses divisions, et des membres des comit\u00e9s r\u00e9pondants locaux. Consid\u00e9rant que les officiers CIC et les IC sous contrat sont d\u00e9fendus par le MDN \/ Minist\u00e8re de la justice, ils ne sont pas couverts par l\u2019assurance responsabilit\u00e9 de la Ligue.<\/p><h5>QUELLE PROTECTION EST FOURNIE?<\/h5><p>La compagnie d\u2019assurance payera, au nom des assur\u00e9s, toutes les sommes qu\u2019ils peuvent \u00eatre oblig\u00e9s de payer pour des raisons de responsabilit\u00e9 pour :<\/p><ul><li>dommages, incluant des dommages pour soin et perte de services, \u00e0 cause de blessures personnelles, \u00e9prouv\u00e9s par toute personne;<\/li><li>dommages d\u00fb \u00e0 des blessures ou destruction de la propri\u00e9t\u00e9 des autres, incluant la perte de jouissance; et<\/li><li>la compagnie d\u2019assurance payera \u00e9galement : tous les co\u00fbts l\u00e9gaux et autres encourus avec leur consentement dans la d\u00e9fense de toute cause contre l\u2019assur\u00e9; et les d\u00e9penses encourues pour les premiers soins imm\u00e9diats tel que requis imp\u00e9rativement au moment de l\u2019accident.<\/li><\/ul><h5>QUELLES CIRCONSTANCES NE SONT PAS COUVERTES?<\/h5><p>La responsabilit\u00e9 pour dommages aux propri\u00e9t\u00e9s ne s\u2019applique pas aux propri\u00e9t\u00e9s appartenant aux assur\u00e9s et, normalement, ne s\u2019appliquera pas \u00e0 une propri\u00e9t\u00e9 sous le soin, la propri\u00e9t\u00e9 et contr\u00f4le d\u2019un assur\u00e9. Cependant, d\u00fb \u00e0 l\u2019assurance responsabilit\u00e9 contre le feu du propri\u00e9taire, la politique de la Ligue s\u2019\u00e9tend aux propri\u00e9t\u00e9s lou\u00e9es ou utilis\u00e9es par les corps de cadets de l\u2019Arm\u00e9e et les comit\u00e9s.<\/p><p>La responsabilit\u00e9 des actions o\u00f9 un membre agit d\u2019une fa\u00e7on criminelle ou fait d\u00e9lib\u00e9r\u00e9ment preuve de n\u00e9gligence ou ignore les politiques ou directives du MDN, du Gouvernement du Canada ou de la LCAC ne sera pas couvert.<\/p>\t\t\t\t<\/div>\n\t\t\t<\/div>\n\t\t<\/div>\n\t\t\t<div class=\"panel\">\n\t\t\t<div class=\"panel-heading\" role=\"tab\" id=\"acc-heading-accordion-1924513a784e9b965d67a05824e53edf-4\">\n\t\t\t\t<h5 class=\"panel-title\">\n\t\t\t\t\t<a class=\"collapsed\" data-toggle=\"collapse\" data-parent=\"#accordion-1924513a784e9b965d67a05824e53edf\" href=\"#acc-tab-accordion-1924513a784e9b965d67a05824e53edf-4\" aria-expanded=\"false\" aria-controls=\"acc-tab-accordion-1924513a784e9b965d67a05824e53edf-4\">\n\t\t\t\t\t\t CERTIFICATS D\u2019ASSURANCE\t\t\t\t\t<\/a>\n\t\t\t\t<\/h5>\n\t\t\t<\/div>\n\t\t\t<div id=\"acc-tab-accordion-1924513a784e9b965d67a05824e53edf-4\" class=\"panel-collapse collapse \" role=\"tabpanel\" aria-labelledby=\"acc-heading-accordion-1924513a784e9b965d67a05824e53edf-4\">\n\t\t\t\t<div class=\"panel-body\">\n\t\t\t\t\t<h5>CERTIFICATES OF INSURANCE<\/h5><p>Des certificats d\u2019assurance peuvent \u00eatre \u00e9mis \u00e0 la demande d\u2019un corps de cadets lorsqu\u2019une preuve d\u2019assurance est requise par un propri\u00e9taire ou une association qui permet aux cadets de s\u2019entra\u00eener sur leur propri\u00e9t\u00e9. Ces certificat sont sp\u00e9cifiques \u00e0 un \u00e9v\u00e9nement mais peuvent parfois \u00eatre \u00e9mis en tant que preuve de couverture en bloc comme, par exemple, pour utiliser des locaux \u00e0 toutes les semaines pendant une p\u00e9riode de temps prolong\u00e9e. La demande devrait \u00eatre soumise dans les dates qui pr\u00e9c\u00e8dent l\u2019activit\u00e9 planifi\u00e9e, conform\u00e9ment au formulaire \u00e9lectronique que l\u2019on retrouve sur le site Internet de la Ligue au example5-2.armycadetleague.ca sous l\u2019onglet des ressources\/Manuel des Politiques, Politique #4.<\/p><p>&nbsp;<\/p><p><a href=\"http:\/\/fs2.formsite.com\/aclc\/Insurancerequest\/index.html\" target=\"_blank\" rel=\"noopener\"><img loading=\"lazy\" decoding=\"async\" class=\"alignnone wp-image-7074\" src=\"http:\/\/example5-2.armycadetleague.ca\/wp-content\/uploads\/Button_Formulaire-de-demande-d\u2019un-certificat.png\" alt=\"\" width=\"635\" height=\"50\" srcset=\"https:\/\/newbrunswick.armycadetleague.ca\/wp-content\/uploads\/sites\/20\/Button_Formulaire-de-demande-d\u2019un-certificat.png 800w, https:\/\/newbrunswick.armycadetleague.ca\/wp-content\/uploads\/sites\/20\/Button_Formulaire-de-demande-d\u2019un-certificat-300x24.png 300w, https:\/\/newbrunswick.armycadetleague.ca\/wp-content\/uploads\/sites\/20\/Button_Formulaire-de-demande-d\u2019un-certificat-768x60.png 768w, https:\/\/newbrunswick.armycadetleague.ca\/wp-content\/uploads\/sites\/20\/Button_Formulaire-de-demande-d\u2019un-certificat-786x63.png 786w\" sizes=\"auto, (max-width: 635px) 100vw, 635px\" \/><\/a><\/p>\t\t\t\t<\/div>\n\t\t\t<\/div>\n\t\t<\/div>\n\t<\/div>\t\t<\/div>\n\t<\/div>\n<\/div><\/div>\n\n<div class=\"fw-row\">\n\t<div id=\"column-69f563820d54e\" class=\"fw-col-sm-12 tf-sh-af185fdceba8df7ad13bebce94afbd2e\" >\n\t<div class=\"fw-wrap-col-inner clearfix  \"   >\n\t\t\t\t<div class=\"fw-col-inner\">\n\t\t\t<div class=\"fw-divider-space space-md  clearfix\"  ><\/div>\t\t<\/div>\n\t<\/div>\n<\/div><\/div>\n\n\t<\/div>\n\t<\/section><\/p>\n","protected":false},"excerpt":{"rendered":"<p>ASSURANCE Il peut arriver, \u00e0 l\u2019occasion, qu\u2019un partisan\/agence\/entreprise vous demande de fournir une preuve d\u2019assurance afin d\u2019avoir acc\u00e8s aux locaux n\u00e9cessaires pour tenir une activit\u00e9 approuv\u00e9e. Un certificat d\u2019assurance vous donnera la preuve n\u00e9cessaire et il peut \u00eatre \u00e9mis simplement en remplissant le formulaire \u00e9lectronique. SECTION 1 \u2013 G\u00c9N\u00c9RALIT\u00c9S POURQUOI UNE POLICE D\u2019ASSURANCE ?Le Mouvement [&hellip;]<\/p>\n","protected":false},"author":1,"featured_media":0,"parent":7052,"menu_order":0,"comment_status":"closed","ping_status":"closed","template":"visual-builder-template.php","meta":{"footnotes":"","_links_to":"","_links_to_target":""},"class_list":["post-7057","page","type-page","status-publish","hentry"],"_links":{"self":[{"href":"https:\/\/newbrunswick.armycadetleague.ca\/fr\/wp-json\/wp\/v2\/pages\/7057","targetHints":{"allow":["GET"]}}],"collection":[{"href":"https:\/\/newbrunswick.armycadetleague.ca\/fr\/wp-json\/wp\/v2\/pages"}],"about":[{"href":"https:\/\/newbrunswick.armycadetleague.ca\/fr\/wp-json\/wp\/v2\/types\/page"}],"author":[{"embeddable":true,"href":"https:\/\/newbrunswick.armycadetleague.ca\/fr\/wp-json\/wp\/v2\/users\/1"}],"replies":[{"embeddable":true,"href":"https:\/\/newbrunswick.armycadetleague.ca\/fr\/wp-json\/wp\/v2\/comments?post=7057"}],"version-history":[{"count":20,"href":"https:\/\/newbrunswick.armycadetleague.ca\/fr\/wp-json\/wp\/v2\/pages\/7057\/revisions"}],"predecessor-version":[{"id":7451,"href":"https:\/\/newbrunswick.armycadetleague.ca\/fr\/wp-json\/wp\/v2\/pages\/7057\/revisions\/7451"}],"up":[{"embeddable":true,"href":"https:\/\/newbrunswick.armycadetleague.ca\/fr\/wp-json\/wp\/v2\/pages\/7052"}],"wp:attachment":[{"href":"https:\/\/newbrunswick.armycadetleague.ca\/fr\/wp-json\/wp\/v2\/media?parent=7057"}],"curies":[{"name":"wp","href":"https:\/\/api.w.org\/{rel}","templated":true}]}}