{"id":7071,"date":"2017-06-21T16:46:39","date_gmt":"2017-06-21T16:46:39","guid":{"rendered":"http:\/\/example5-2.armycadetleague.ca\/ressources\/toolbox\/"},"modified":"2017-10-17T18:59:07","modified_gmt":"2017-10-17T18:59:07","slug":"boite-a-outils","status":"publish","type":"page","link":"https:\/\/newbrunswick.armycadetleague.ca\/fr\/ressources\/boite-a-outils\/","title":{"rendered":"Boite \u00e0 outils"},"content":{"rendered":"<p><section   class=\"fw-main-row-custom fw-main-row-top  fw_theme_bg_fw-custom fw-section-image fw-section-height-md  fw-section-position-back tf-sh-d9a61d8f1f041d39a59903fe4329e37a\"  style=\" background-image:url(\/\/example5-2.armycadetleague.ca\/wp-content\/uploads\/1477.jpg); background-repeat: no-repeat; background-position: center center; background-size: cover;\"  >\n\t\t<div class=\"fw-main-row-overlay fw_theme_bg_color_3\" style=\"opacity: 0.52;\"><\/div>\t<div class=\"fw-container-fluid\" >\n\t\t<div class=\"fw-row\">\n\t<div id=\"column-69f564abe7d47\" class=\"fw-col-sm-12 tf-sh-cedca616fb273986eb52fb7a926d9926\" >\n\t<div class=\"fw-wrap-col-inner clearfix  \"   >\n\t\t\t\t<div class=\"fw-col-inner\">\n\t\t\t<div class=\"fw-divider-space space-md  clearfix\"  ><\/div>\t\t<\/div>\n\t<\/div>\n<\/div><\/div>\n\n<div class=\"fw-row\">\n\t<div id=\"column-69f564abe8175\" class=\"fw-col-sm-12 tf-sh-cedca616fb273986eb52fb7a926d9926\" >\n\t<div class=\"fw-wrap-col-inner clearfix  \"   >\n\t\t\t\t<div class=\"fw-col-inner\">\n\t\t\t<div class=\"fw-heading fw-heading-center  fw-heading-with-subtitle tf-sh-d19feeb8cf513ea6aa57bf010471d0c3\" >\n\t\t\t<h1 class=\"fw-special-title\">BOITE \u00c0 OUTILS<\/h1>\n\t\n\t\n\t\t\t<div class=\"fw-special-subtitle\">Outils et ressources pour vous aider ainsi que votre comit\u00e9 de soutien.<\/div>\n\t<\/div>\t\t<\/div>\n\t<\/div>\n<\/div><\/div>\n\n<div class=\"fw-row\">\n\t<div id=\"column-69f564abe85d9\" class=\"fw-col-sm-12 tf-sh-cedca616fb273986eb52fb7a926d9926\" >\n\t<div class=\"fw-wrap-col-inner clearfix  \"   >\n\t\t\t\t<div class=\"fw-col-inner\">\n\t\t\t<div class=\"fw-divider-space space-md  clearfix\"  ><\/div>\t\t<\/div>\n\t<\/div>\n<\/div><\/div>\n\n\t<\/div>\n\t<\/section><section   class=\"fw-main-row-custom  auto  fw-section-position-back tf-sh-9e4b2af393287f70489e32129a8d5259\"    >\n\t\t\t<div class=\"fw-container\" >\n\t\t<div class=\"fw-row\">\n\t<div id=\"column-69f564abe8ac5\" class=\"fw-col-sm-4 tf-sh-9c5fb307d3ed2bfad2a424bd2a897024\" >\n\t<div class=\"fw-wrap-col-inner clearfix  \"   >\n\t\t\t\t<div class=\"fw-col-inner\">\n\t\t\t<div class=\"fw-icon-title fw-icon-title-top clearfix tf-sh-dbf50fe2678039c916728c8209d8275a  fw-content-align-center\" >\n\t\t\t<div class=\"fw-icon-title-name\">\n\t\t\t<div class=\"fw-icon-title-name-inner\">\n\t\t\t\t\t\t\t\t\t<span class=\"fw-icon-title-icon \">\n\t\t\t\t\t\t\t\t\t\t\t\t\t<a class=\"\" href=\"http:\/\/example5-2.armycadetleague.ca\/wp-content\/uploads\/Ce-que-le-bureau-national-de-la-LCAC-peut-faire-pour-vous_Rev-oct-2017-1.pdf\"  target=\"_self\">\n\t\t\t\t\t\t\t\t<i class=\"fa fa-book\"><\/i>\t\t\t\t\t\t\t<\/a>\n\t\t\t\t\t\t\t\t\t\t\t<\/span>\n\t\t\t\t\n\t\t\t\t\t\t\t\t\t\t\t\t\t<h4 class=\"fw-icon-title-text\">\n\t\t\t\t\t\t<a class=\"\" href=\"http:\/\/example5-2.armycadetleague.ca\/wp-content\/uploads\/Ce-que-le-bureau-national-de-la-LCAC-peut-faire-pour-vous_Rev-oct-2017-1.pdf\"  target=\"_self\">Manuel pour les comit\u00e9s de soutien<\/a>\n\t\t\t\t\t<\/h4>\n\t\t\t\t\t\t\t\t\t\t<\/div>\n\t\t<\/div>\n\t<\/div><div class=\"fw-divider-space space-sm  clearfix\"  ><\/div><div class=\"fw-text-box tf-sh-d63d7ef8fed3138490c5626e6a0e0da5 \" >\n\t<div class=\"fw-text-inner\">\n\t\t<p style=\"text-align: center;\">Le document\u00a0ce que le bureau national peut faire pour\u00a0vous,\u00a0donne un aper\u00e7u de la fa\u00e7on dont le Bureau national peut vous aider que ce soit au niveau du Corps ou de la Division.<\/p>\n\t<\/div>\n<\/div>\t\t<\/div>\n\t<\/div>\n<\/div><div id=\"column-69f564abe9200\" class=\"fw-col-sm-4 tf-sh-f16be755df9b942b173d00655127dd75\" >\n\t<div class=\"fw-wrap-col-inner clearfix  \"   >\n\t\t\t\t<div class=\"fw-col-inner\">\n\t\t\t<div class=\"fw-icon-title fw-icon-title-top clearfix tf-sh-4a843b9253f05f66f8cfc4da9b8f66a1  fw-content-align-center\" >\n\t\t\t<div class=\"fw-icon-title-name\">\n\t\t\t<div class=\"fw-icon-title-name-inner\">\n\t\t\t\t\t\t\t\t\t<span class=\"fw-icon-title-icon \">\n\t\t\t\t\t\t\t\t\t\t\t\t\t<a class=\"\" href=\"http:\/\/navyleague.ca\/elearning\"  target=\"_blank\">\n\t\t\t\t\t\t\t\t<i class=\"fa fa-group\"><\/i>\t\t\t\t\t\t\t<\/a>\n\t\t\t\t\t\t\t\t\t\t\t<\/span>\n\t\t\t\t\n\t\t\t\t\t\t\t\t\t\t\t\t\t<h4 class=\"fw-icon-title-text\">\n\t\t\t\t\t\t<a class=\"\" href=\"http:\/\/navyleague.ca\/elearning\"  target=\"_blank\">D\u00e9veloppement positif des jeunes et sensibilisation des programmes<\/a>\n\t\t\t\t\t<\/h4>\n\t\t\t\t\t\t\t\t\t\t<\/div>\n\t\t<\/div>\n\t<\/div><div class=\"fw-text-box tf-sh-f09acc0beebea43767b7a4732da1e18b \" >\n\t<div class=\"fw-text-inner\">\n\t\t<p>Cette trousse d\u2019apprentissage\u00a0vise \u00e0 am\u00e9liorer le soutien pour les jeunes et aussi \u00e0 augmenter les capacit\u00e9s des chefs adultes et des b\u00e9n\u00e9voles en appui aux Programmes des Cadets ou des Rangers juniors canadiens.<\/p>\n\t<\/div>\n<\/div>\t\t<\/div>\n\t<\/div>\n<\/div><div id=\"column-69f564abe9543\" class=\"fw-col-sm-4 tf-sh-8dff8ec59b7409cc55bcfb2c608be44a\" >\n\t<div class=\"fw-wrap-col-inner clearfix  \"   >\n\t\t\t\t<div class=\"fw-col-inner\">\n\t\t\t<div class=\"fw-icon-title fw-icon-title-top clearfix tf-sh-b2952115100953b1fd4c9170c312d106  fw-content-align-center\" >\n\t\t\t<div class=\"fw-icon-title-name\">\n\t\t\t<div class=\"fw-icon-title-name-inner\">\n\t\t\t\t\t\t\t\t\t<span class=\"fw-icon-title-icon \">\n\t\t\t\t\t\t\t\t\t\t\t\t\t<a class=\"\" href=\"http:\/\/example5-2.armycadetleague.ca\/fr\/ressources\/des-affiches-de-recrutement-sur-mesure\/\"  target=\"_blank\">\n\t\t\t\t\t\t\t\t<i class=\"fa fa-file-photo-o\"><\/i>\t\t\t\t\t\t\t<\/a>\n\t\t\t\t\t\t\t\t\t\t\t<\/span>\n\t\t\t\t\n\t\t\t\t\t\t\t\t\t\t\t\t\t<h4 class=\"fw-icon-title-text\">\n\t\t\t\t\t\t<a class=\"\" href=\"http:\/\/example5-2.armycadetleague.ca\/fr\/ressources\/des-affiches-de-recrutement-sur-mesure\/\"  target=\"_blank\">Des affiches de recrutement sur mesure<\/a>\n\t\t\t\t\t<\/h4>\n\t\t\t\t\t\t\t\t\t\t<\/div>\n\t\t<\/div>\n\t<\/div><div class=\"fw-divider-space space-sm  clearfix\"  ><\/div><div class=\"fw-text-box tf-sh-916062817a5c121ec6bc764841d93555 \" >\n\t<div class=\"fw-text-inner\">\n\t\t<p style=\"text-align: center;\">Le bureau Nationale vous offre une option d\u2019affiche de recrutement \u00e0 votre mesure.<\/p>\n\t<\/div>\n<\/div>\t\t<\/div>\n\t<\/div>\n<\/div><\/div>\n\n\t<\/div>\n\t<\/section><section   class=\"fw-main-row-custom  auto fw-content-vertical-align-middle fw-section-position-back tf-sh-0d42d004813538c1b697eccd389f9564\"  style=\" background-color:#ffffff;\"  >\n\t\t\t<div class=\"fw-container\" >\n\t\t<div class=\"fw-row\">\n\t<div id=\"column-69f564abe9b4d\" class=\"fw-tablet-hide-element fw-col-sm-12 fw-mobile-hide-element tf-sh-e59724f3bc4aa6386871a20f5f5f4e3f  fw-col-no-padding\" >\n\t<div class=\"fw-wrap-col-inner clearfix  \"   >\n\t\t\t\t<div class=\"fw-col-inner\">\n\t\t\t<div class=\"fw-divider-space space-md  clearfix\"  ><\/div>\t\t<\/div>\n\t<\/div>\n<\/div><\/div>\n\n<div class=\"fw-row\">\n\t<div id=\"column-69f564abe9e05\" class=\"fw-col-sm-12 tf-sh-3b4ebcc104b89caa9fff6f714b6ee902\" >\n\t<div class=\"fw-wrap-col-inner clearfix  \"   >\n\t\t\t\t<div class=\"fw-col-inner\">\n\t\t\t<div class=\"fw-text-box tf-sh-12c6b5c48546e5e0f81c2b2cba48a4c9 \" >\n\t<div class=\"fw-text-inner\">\n\t\t<h3 style=\"text-align: center;\"><strong>Contact the National Office for additional resources.<\/strong><\/h3>\n<h5 style=\"text-align: center;\"><a href=\"http:\/\/example5-2.armycadetleague.ca\/contact\/\"><u>Contact Us<\/u><\/a><\/h5>\n\t<\/div>\n<\/div>\t\t<\/div>\n\t<\/div>\n<\/div><\/div>\n\n<div class=\"fw-row\">\n\t<div id=\"column-69f564abea0e0\" class=\"fw-tablet-hide-element fw-col-sm-12 fw-mobile-hide-element tf-sh-cb8a0ce45d4b878d894d8e7972cf96c7  fw-col-no-padding\" >\n\t<div class=\"fw-wrap-col-inner clearfix  \"   >\n\t\t\t\t<div class=\"fw-col-inner\">\n\t\t\t<div class=\"fw-divider-space  fw-custom-space  clearfix\" style=\"height:64px;\" ><\/div>\t\t<\/div>\n\t<\/div>\n<\/div><\/div>\n\n\t<\/div>\n\t<\/section><\/p>\n","protected":false},"excerpt":{"rendered":"<p>BOITE \u00c0 OUTILS Outils et ressources pour vous aider ainsi que votre comit\u00e9 de soutien. Manuel pour les comit\u00e9s de soutien Le document\u00a0ce que le bureau national peut faire pour\u00a0vous,\u00a0donne un aper\u00e7u de la fa\u00e7on dont le Bureau national peut vous aider que ce soit au niveau du Corps ou de la Division. D\u00e9veloppement positif [&hellip;]<\/p>\n","protected":false},"author":1,"featured_media":0,"parent":7052,"menu_order":0,"comment_status":"closed","ping_status":"closed","template":"visual-builder-template.php","meta":{"footnotes":"","_links_to":"","_links_to_target":""},"class_list":["post-7071","page","type-page","status-publish","hentry"],"_links":{"self":[{"href":"https:\/\/newbrunswick.armycadetleague.ca\/fr\/wp-json\/wp\/v2\/pages\/7071","targetHints":{"allow":["GET"]}}],"collection":[{"href":"https:\/\/newbrunswick.armycadetleague.ca\/fr\/wp-json\/wp\/v2\/pages"}],"about":[{"href":"https:\/\/newbrunswick.armycadetleague.ca\/fr\/wp-json\/wp\/v2\/types\/page"}],"author":[{"embeddable":true,"href":"https:\/\/newbrunswick.armycadetleague.ca\/fr\/wp-json\/wp\/v2\/users\/1"}],"replies":[{"embeddable":true,"href":"https:\/\/newbrunswick.armycadetleague.ca\/fr\/wp-json\/wp\/v2\/comments?post=7071"}],"version-history":[{"count":10,"href":"https:\/\/newbrunswick.armycadetleague.ca\/fr\/wp-json\/wp\/v2\/pages\/7071\/revisions"}],"predecessor-version":[{"id":7591,"href":"https:\/\/newbrunswick.armycadetleague.ca\/fr\/wp-json\/wp\/v2\/pages\/7071\/revisions\/7591"}],"up":[{"embeddable":true,"href":"https:\/\/newbrunswick.armycadetleague.ca\/fr\/wp-json\/wp\/v2\/pages\/7052"}],"wp:attachment":[{"href":"https:\/\/newbrunswick.armycadetleague.ca\/fr\/wp-json\/wp\/v2\/media?parent=7071"}],"curies":[{"name":"wp","href":"https:\/\/api.w.org\/{rel}","templated":true}]}}