{"id":7171,"date":"2017-09-07T01:16:46","date_gmt":"2017-09-07T01:16:46","guid":{"rendered":"http:\/\/example5-2.armycadetleague.ca\/?page_id=7171\/"},"modified":"2017-09-07T01:23:49","modified_gmt":"2017-09-07T01:23:49","slug":"des-affiches-de-recrutement-sur-mesure","status":"publish","type":"page","link":"https:\/\/newbrunswick.armycadetleague.ca\/fr\/ressources\/des-affiches-de-recrutement-sur-mesure\/","title":{"rendered":"Des affiches de recrutement sur mesure"},"content":{"rendered":"<p><section   class=\"fw-main-row-custom fw-main-row-top  fw_theme_bg_fw-custom fw-section-image fw-section-height-md  fw-section-position-back tf-sh-d9a61d8f1f041d39a59903fe4329e37a\"  style=\" background-image:url(\/\/example5-2.armycadetleague.ca\/wp-content\/uploads\/8645656-wide.jpg); background-repeat: no-repeat; background-position: center center; background-size: cover;\"  >\n\t\t<div class=\"fw-main-row-overlay fw_theme_bg_color_4\" style=\"opacity: 0.8;\"><\/div>\t<div class=\"fw-container-fluid\" >\n\t\t<div class=\"fw-row\">\n\t<div id=\"column-69f86569c0aea\" class=\"fw-col-sm-12 tf-sh-3cf4c0d7d9907ece3567ce2b1e6de06c\" >\n\t<div class=\"fw-wrap-col-inner clearfix  \"   >\n\t\t\t\t<div class=\"fw-col-inner\">\n\t\t\t<div class=\"fw-divider-space space-md  clearfix\"  ><\/div>\t\t<\/div>\n\t<\/div>\n<\/div><\/div>\n\n<div class=\"fw-row\">\n\t<div id=\"column-69f86569c1179\" class=\"fw-col-sm-12 tf-sh-3cf4c0d7d9907ece3567ce2b1e6de06c\" >\n\t<div class=\"fw-wrap-col-inner clearfix  \"   >\n\t\t\t\t<div class=\"fw-col-inner\">\n\t\t\t<div class=\"fw-heading fw-heading-center  tf-sh-d19feeb8cf513ea6aa57bf010471d0c3\" >\n\t\t\t<h1 class=\"fw-special-title\">Des affiches de recrutement sur mesure<\/h1>\n\t\n\t\n\t<\/div>\t\t<\/div>\n\t<\/div>\n<\/div><\/div>\n\n<div class=\"fw-row\">\n\t<div id=\"column-69f86569c1898\" class=\"fw-col-sm-12 tf-sh-3cf4c0d7d9907ece3567ce2b1e6de06c\" >\n\t<div class=\"fw-wrap-col-inner clearfix  \"   >\n\t\t\t\t<div class=\"fw-col-inner\">\n\t\t\t<div class=\"fw-divider-space space-md  clearfix\"  ><\/div>\t\t<\/div>\n\t<\/div>\n<\/div><\/div>\n\n\t<\/div>\n\t<\/section><section   class=\"fw-main-row-custom  auto  fw-section-position-back tf-sh-9e4b2af393287f70489e32129a8d5259\"    >\n\t\t\t<div class=\"fw-container\" >\n\t\t<div class=\"fw-row\">\n\t<div id=\"column-69f86569c1f72\" class=\"fw-col-sm-12 tf-sh-3cf4c0d7d9907ece3567ce2b1e6de06c\" >\n\t<div class=\"fw-wrap-col-inner clearfix  \"   >\n\t\t\t\t<div class=\"fw-col-inner\">\n\t\t\t<div class=\"fw-divider-space space-md  clearfix\"  ><\/div>\t\t<\/div>\n\t<\/div>\n<\/div><\/div>\n\n<div class=\"fw-row\">\n\t<div id=\"column-69f86569c23e4\" class=\"fw-col-sm-12 tf-sh-003b9828149005d826be3dadd7a4b696\" >\n\t<div class=\"fw-wrap-col-inner clearfix  \"   >\n\t\t\t\t<div class=\"fw-col-inner\">\n\t\t\t<div class=\"fw-text-box tf-sh-ae20f3ae3984d8112ce4471add4ffb0f \" >\n\t<div class=\"fw-text-inner\">\n\t\t<p><span style=\"color: #000000;\">Le bureau Nationale vous offre une option d\u2019affiche de recrutement \u00e0 votre mesure.<\/span><\/p>\n<p><span style=\"color: #000000;\">Contactez\u00a0<strong><a href=\"mailto:commsofficer@armycadetleague.ca\" target=\"_blank\" rel=\"noopener\">commsofficer@armycadetleague.ca<\/a><\/strong> pour vos demandes d\u2019affiche personnalis\u00e9es.<\/span><\/p>\n<p><span style=\"color: #000000;\">Envoyez-nous 6 \u00e0 12 photos haute r\u00e9solution (1MB ou plus) de vos cadets en action, qui s\u2019amusent, avec ou sans uniformes etc. ainsi que le texte ou le message que vous aimeriez faire imprimer et les coordonn\u00e9es de votre corps.\u00a0 Si une affiche a d\u00e9j\u00e0 \u00e9t\u00e9 cr\u00e9\u00e9e par un membre de votre corps et vous pr\u00e9f\u00e9rez que celle-ci soit utilis\u00e9e, nous vous offrirons la m\u00eame offre de production pour celle-ci.<\/span><\/p>\n<p><span style=\"color: #000000;\">Nous vous offrons la flexibilit\u00e9 de produire l\u2019affiche telle que vous la voulez, il s\u2019agit simplement de nous indiquer toutes les sp\u00e9cifications n\u00e9cessaires, incluant les couleurs ou tout autre graphique que vous aimeriez incorporer dans le design de votre affiche pour qu\u2019elle soit vraiment faites a votre mesure.\u00a0 Autrement nous vous proposeront un design.\u00a0 (Voir exemples ci-dessous)<\/span><\/p>\n<p><span style=\"color: #000000;\">Elles seront imprim\u00e9es sur du papier givr\u00e9 de bonne qualit\u00e9, grandeur 11\u2033 x 17\u2033<\/span><\/p>\n<p><span style=\"color: #000000;\">La production des 50 premi\u00e8res copies sera gratuite (livraison incluse) .\u00a0 Vous pouvez commander des copies suppl\u00e9mentaires en tout temps (incluant pour la premi\u00e8re demande), par contre, un frais de 0,60$\/page et les frais de livraisons vous seront facturer.\u00a0 Des changements mineurs, tel qu\u2019une mise a jour des informations ou des photos, peuvent \u00eatres faits sans frais aux affiches qui ont d\u00e9j\u00e0 \u00e9t\u00e9 command\u00e9es\u00a0 par contre les co\u00fbts de production et d\u2019envoi seront applicables.<\/span><\/p>\n<p><span style=\"color: #000000;\">Nous vous demandons de consid\u00e9rer un minimum de 2 \u00e0 4 semaines de pr\u00e9paration.\u00a0 Une \u00e9bauche vous sera envoy\u00e9e par courriel avant de passer \u00e0 la production finale des affiches.<\/span><\/p>\n<p><span style=\"color: #000000;\">Suggestion: Il y a s\u00fbrement du talent parmi vos cadets, pourquoi ne pas les impliquer au recrutement dans votre communaut\u00e9\u00a0?\u00a0 Un petit concours interne pourrait \u00eatre organis\u00e9 parmi vos cadets pour produire une affiche de recrutement pour votre corps.\u00a0 L\u2019affiche gagnante sera imprim\u00e9e suivant l\u2019offre ci-dessus et celle-ci sera affich\u00e9e dans votre communaut\u00e9.\u00a0 Dans ce cas, nous pourrions aussi ins\u00e9rer le nom du cadet (de la cadette)\u00a0comme une signature sur l\u2019affiche.<\/span><\/p>\n<p><span style=\"color: #000000;\">Cliquez sur les images pour les voir en plus gros format.<\/span><\/p>\n<p><img loading=\"lazy\" decoding=\"async\" class=\"size-medium wp-image-6571 alignnone\" src=\"http:\/\/example5-2.armycadetleague.ca\/wp-content\/uploads\/2859-Poster-2011-192x300-192x300.jpg\" alt=\"\" width=\"192\" height=\"300\" \/> <img loading=\"lazy\" decoding=\"async\" class=\"size-medium wp-image-6570 alignnone\" src=\"http:\/\/example5-2.armycadetleague.ca\/wp-content\/uploads\/3016-recruiting-poster-194x300-194x300.jpg\" alt=\"\" width=\"194\" height=\"300\" \/> <img loading=\"lazy\" decoding=\"async\" class=\"size-medium wp-image-6568 alignnone\" src=\"http:\/\/example5-2.armycadetleague.ca\/wp-content\/uploads\/1813-poster-draft-1-194x300-194x300.jpg\" alt=\"\" width=\"194\" height=\"300\" \/> <a href=\"http:\/\/example5-2.armycadetleague.ca\/wp-content\/uploads\/PEI-poster-194x300.jpg\"><img loading=\"lazy\" decoding=\"async\" class=\"size-medium wp-image-6569 alignnone\" src=\"http:\/\/example5-2.armycadetleague.ca\/wp-content\/uploads\/PEI-poster-194x300-194x300.jpg\" alt=\"\" width=\"194\" height=\"300\" \/><\/a><\/p>\n\t<\/div>\n<\/div>\t\t<\/div>\n\t<\/div>\n<\/div><\/div>\n\n<div class=\"fw-row\">\n\t<div id=\"column-69f86569c2b8c\" class=\"fw-col-sm-12 tf-sh-3cf4c0d7d9907ece3567ce2b1e6de06c\" >\n\t<div class=\"fw-wrap-col-inner clearfix  \"   >\n\t\t\t\t<div class=\"fw-col-inner\">\n\t\t\t<div class=\"fw-divider-space space-md  clearfix\"  ><\/div>\t\t<\/div>\n\t<\/div>\n<\/div><\/div>\n\n\t<\/div>\n\t<\/section><section   class=\"fw-main-row-custom  auto fw-content-vertical-align-middle fw-section-position-back tf-sh-0d42d004813538c1b697eccd389f9564\"  style=\" background-color:#ffffff;\"  >\n\t\t\t<div class=\"fw-container\" >\n\t\t<div class=\"fw-row\">\n\t<div id=\"column-69f86569c31e9\" class=\"fw-tablet-hide-element fw-col-sm-12 fw-mobile-hide-element tf-sh-e59724f3bc4aa6386871a20f5f5f4e3f  fw-col-no-padding\" >\n\t<div class=\"fw-wrap-col-inner clearfix  \"   >\n\t\t\t\t<div class=\"fw-col-inner\">\n\t\t\t<div class=\"fw-divider-space space-md  clearfix\"  ><\/div>\t\t<\/div>\n\t<\/div>\n<\/div><\/div>\n\n\t<\/div>\n\t<\/section><\/p>\n","protected":false},"excerpt":{"rendered":"<p>Des affiches de recrutement sur mesure Le bureau Nationale vous offre une option d\u2019affiche de recrutement \u00e0 votre mesure. Contactez\u00a0commsofficer@armycadetleague.ca pour vos demandes d\u2019affiche personnalis\u00e9es. Envoyez-nous 6 \u00e0 12 photos haute r\u00e9solution (1MB ou plus) de vos cadets en action, qui s\u2019amusent, avec ou sans uniformes etc. ainsi que le texte ou le message que [&hellip;]<\/p>\n","protected":false},"author":1,"featured_media":0,"parent":7052,"menu_order":0,"comment_status":"closed","ping_status":"closed","template":"visual-builder-template.php","meta":{"footnotes":"","_links_to":"","_links_to_target":""},"class_list":["post-7171","page","type-page","status-publish","hentry"],"_links":{"self":[{"href":"https:\/\/newbrunswick.armycadetleague.ca\/fr\/wp-json\/wp\/v2\/pages\/7171","targetHints":{"allow":["GET"]}}],"collection":[{"href":"https:\/\/newbrunswick.armycadetleague.ca\/fr\/wp-json\/wp\/v2\/pages"}],"about":[{"href":"https:\/\/newbrunswick.armycadetleague.ca\/fr\/wp-json\/wp\/v2\/types\/page"}],"author":[{"embeddable":true,"href":"https:\/\/newbrunswick.armycadetleague.ca\/fr\/wp-json\/wp\/v2\/users\/1"}],"replies":[{"embeddable":true,"href":"https:\/\/newbrunswick.armycadetleague.ca\/fr\/wp-json\/wp\/v2\/comments?post=7171"}],"version-history":[{"count":9,"href":"https:\/\/newbrunswick.armycadetleague.ca\/fr\/wp-json\/wp\/v2\/pages\/7171\/revisions"}],"predecessor-version":[{"id":7190,"href":"https:\/\/newbrunswick.armycadetleague.ca\/fr\/wp-json\/wp\/v2\/pages\/7171\/revisions\/7190"}],"up":[{"embeddable":true,"href":"https:\/\/newbrunswick.armycadetleague.ca\/fr\/wp-json\/wp\/v2\/pages\/7052"}],"wp:attachment":[{"href":"https:\/\/newbrunswick.armycadetleague.ca\/fr\/wp-json\/wp\/v2\/media?parent=7171"}],"curies":[{"name":"wp","href":"https:\/\/api.w.org\/{rel}","templated":true}]}}