{"id":8284,"date":"2020-05-05T14:12:29","date_gmt":"2020-05-05T14:12:29","guid":{"rendered":"http:\/\/newbrunswick.armycadetleague.ca\/zone-directors-liaison-officers\/"},"modified":"2020-09-28T21:00:24","modified_gmt":"2020-09-28T21:00:24","slug":"zone-directors-liaison-officers","status":"publish","type":"page","link":"https:\/\/newbrunswick.armycadetleague.ca\/fr\/zone-directors-liaison-officers\/","title":{"rendered":"EX\u00c9CUTIF ET REPR\u00c9SENTANTS D&rsquo;UNIT\u00c9S"},"content":{"rendered":"\r\n<h2 class=\"wp-block-heading\">Ex\u00e9cutif<\/h2>\r\n<p>Pr\u00e9sident\u00a0\u2013 Patrick Peterson<\/p>\r\n<p>Vice-Pr\u00e9sident \u2013 Robert Langevin<\/p>\r\n<p>Tr\u00e9sorier \u2013 Barb Butler<\/p>\r\n<p>secr\u00e9taire \u2013 Theresa Cormier<\/p>\r\n<h2>Pr\u00e9sidents de Comit\u00e9s<\/h2>\r\n<p>Cadet Service Medals \u2013 Robert Langevin<\/p>\r\n<p>Member Service Medals \u2013 Doug Sentell<\/p>\r\n<p>Awards &amp; scholarships \u2013 Paul Butler<\/p>\r\n<p>Screening Officer \u2013 Dollard LeBlanc<\/p>\r\n<p>Membership \u2013 Doug Sussey<\/p>\r\n<p>D of E \u2013 Brenda Moore<\/p>\r\n<p>Communication Officer \u2013 Brenda Moore<\/p>\r\n<p>Webmaster \u2013 Robert Langevin<\/p>\r\n<p>Postal Match \u2013 Dollard LeBlanc<\/p>\r\n<h2>Repr\u00e9sentants d&rsquo;Unit\u00e9s<\/h2>\r\n\r\n\r\n\r\n<p>Nos directeurs\/trices secondent nos membres pour l&rsquo;ensemble de la province<\/p>\r\n\r\n\r\n\r\n<p>140 Kingston Peninsula &#8211; Al Boileau<\/p>\r\n\r\n\r\n\r\n<p>242 Fredericton &#8211; Patrick Peterson<\/p>\r\n\r\n\r\n\r\n<p>318 Woodstock &#8211; Robert MacFarlane<\/p>\r\n\r\n\r\n\r\n<p>560 Moncton &#8211; Doug Sentell<\/p>\r\n\r\n\r\n\r\n<p>1180 St.Stephen &#8211; Jim Tubbs<\/p>\r\n\r\n\r\n\r\n<p>1242 Petit-Rocher &#8211; Robert Langevin<\/p>\r\n\r\n\r\n\r\n<p>1535 Shediac &#8211; Theresa Cormier<\/p>\r\n\r\n\r\n\r\n<p>1541 Frederickton (Fort Nashwaak) &#8211; Cl\u00e9ment Roy<\/p>\r\n\r\n\r\n\r\n<p>1691 Saint John &#8211; Paul Butler<\/p>\r\n\r\n\r\n\r\n<p>1777 Saint John West &#8211; Paul Butler<\/p>\r\n\r\n\r\n\r\n<p>2335 Port Elgin &#8211; Barbara Butler<\/p>\r\n\r\n\r\n\r\n<p>2531 St. George &#8211; Paul Butler<\/p>\r\n\r\n\r\n\r\n\r\n\r\n<p>2647 Oromocto &#8211; Brian Vessey<\/p>\r\n\r\n\r\n\r\n<p>2700 Campbellton -Marion Borden<\/p>\r\n\r\n\r\n\r\n<p>2708 Minto &#8211; Paul Butler<\/p>\r\n\r\n\r\n\r\n<p>2739 Edmundston &#8211; Robert Langevin<\/p>\r\n\r\n\r\n\r\n<p>2758 St-Quentin &#8211; Robert Langevin<\/p>\r\n\r\n\r\n\r\n<p>2859 Sussex &#8211; Debbie Craig<\/p>\r\n\r\n\r\n\r\n<p>3006 Dieppe &#8211; Art Cuthbertson<\/p>\r\n\r\n\r\n\r\n<p>3027 Lam\u00e8que-Miscou-Shippagan &#8211; Robert Langevin<\/p>\r\n\r\n\r\n\r\n<p>3034 Browns Flat &#8211; Brian Vessey<\/p>\r\n\r\n\r\n\r\n<p>3037 Miramichi &#8211; Gary White<\/p>\r\n\r\n\r\n\r\n<p>3059 Fredericton North &#8211; Chuck Madott<\/p>\r\n","protected":false},"excerpt":{"rendered":"<p>Ex\u00e9cutif Pr\u00e9sident\u00a0\u2013 Patrick Peterson Vice-Pr\u00e9sident \u2013 Robert Langevin Tr\u00e9sorier \u2013 Barb Butler secr\u00e9taire \u2013 Theresa Cormier Pr\u00e9sidents de Comit\u00e9s Cadet Service Medals \u2013 Robert Langevin Member Service Medals \u2013 Doug Sentell Awards &amp; scholarships \u2013 Paul Butler Screening Officer \u2013 Dollard LeBlanc Membership \u2013 Doug Sussey D of E \u2013 Brenda Moore Communication Officer \u2013 [&hellip;]<\/p>\n","protected":false},"author":1,"featured_media":0,"parent":0,"menu_order":0,"comment_status":"closed","ping_status":"closed","template":"","meta":{"footnotes":"","_links_to":"","_links_to_target":""},"class_list":["post-8284","page","type-page","status-publish","hentry"],"_links":{"self":[{"href":"https:\/\/newbrunswick.armycadetleague.ca\/fr\/wp-json\/wp\/v2\/pages\/8284","targetHints":{"allow":["GET"]}}],"collection":[{"href":"https:\/\/newbrunswick.armycadetleague.ca\/fr\/wp-json\/wp\/v2\/pages"}],"about":[{"href":"https:\/\/newbrunswick.armycadetleague.ca\/fr\/wp-json\/wp\/v2\/types\/page"}],"author":[{"embeddable":true,"href":"https:\/\/newbrunswick.armycadetleague.ca\/fr\/wp-json\/wp\/v2\/users\/1"}],"replies":[{"embeddable":true,"href":"https:\/\/newbrunswick.armycadetleague.ca\/fr\/wp-json\/wp\/v2\/comments?post=8284"}],"version-history":[{"count":10,"href":"https:\/\/newbrunswick.armycadetleague.ca\/fr\/wp-json\/wp\/v2\/pages\/8284\/revisions"}],"predecessor-version":[{"id":8502,"href":"https:\/\/newbrunswick.armycadetleague.ca\/fr\/wp-json\/wp\/v2\/pages\/8284\/revisions\/8502"}],"wp:attachment":[{"href":"https:\/\/newbrunswick.armycadetleague.ca\/fr\/wp-json\/wp\/v2\/media?parent=8284"}],"curies":[{"name":"wp","href":"https:\/\/api.w.org\/{rel}","templated":true}]}}