{"id":8294,"date":"2019-02-03T15:18:37","date_gmt":"2019-02-03T15:18:37","guid":{"rendered":"http:\/\/newbrunswick.armycadetleague.ca\/?page_id=8294"},"modified":"2019-02-22T15:03:19","modified_gmt":"2019-02-22T15:03:19","slug":"by-laws","status":"publish","type":"page","link":"https:\/\/newbrunswick.armycadetleague.ca\/fr\/by-laws\/","title":{"rendered":"By-Laws"},"content":{"rendered":"<h4 style=\"text-align: center\"><strong>The Army Cadet League of Canada (New Brunswick) Inc.<\/strong><br \/>\n<strong>La Ligue des Cadets de l\u2019Arm\u00e9e du Canada (Nouveau-Brunswick) Inc.<\/strong><\/h4>\n<p><img loading=\"lazy\" decoding=\"async\" class=\"size-medium wp-image-6108 aligncenter\" src=\"http:\/\/newbrunswick.armycadetleague.ca\/wp-content\/uploads\/sites\/20\/2017\/05\/ACLC_favicon-300x300.png\" alt=\"\" width=\"300\" height=\"300\" srcset=\"https:\/\/newbrunswick.armycadetleague.ca\/wp-content\/uploads\/sites\/20\/2017\/05\/ACLC_favicon-300x300.png 300w, https:\/\/newbrunswick.armycadetleague.ca\/wp-content\/uploads\/sites\/20\/2017\/05\/ACLC_favicon-150x150.png 150w, https:\/\/newbrunswick.armycadetleague.ca\/wp-content\/uploads\/sites\/20\/2017\/05\/ACLC_favicon.png 552w\" sizes=\"auto, (max-width: 300px) 100vw, 300px\" \/><\/p>\n<p>&nbsp;<\/p>\n<p>Article 1<\/p>\n<p>&nbsp;<\/p>\n<p>Article 2<\/p>\n<p>ARTCLE X<\/p>\n<p>Amendements<\/p>\n<p><strong><u>ARTICLE X<\/u><\/strong><\/p>\n<p>&nbsp;<\/p>\n<h3>AMENDMENTS<\/h3>\n<p>&nbsp;<\/p>\n<p>The directors may from time to time repeal, amend, add to or re-enact these by-laws, make, amend, add to or re-enact regulations or policies, and such changes shall (except when otherwise provided by law) be effective upon enactment by the directors, but such changes, unless confirmed by the members at the next annual meeting of members, shall from that time cease to have any force.<\/p>\n<p>&nbsp;<\/p>\n<p>Les directeurs peuvent, de temps en temps , rejeter, ajouter, modifier\u00a0 ces r\u00e0glemts ou politiques. De tels changements peuvent \u00eate effectifs ave l&rsquo;approbation pa les membes lors de l&rsquo;assembl\u00e9e G\u00e9n\u00e9rale Annuelle<\/p>\n","protected":false},"excerpt":{"rendered":"<p>The Army Cadet League of Canada (New Brunswick) Inc. La Ligue des Cadets de l\u2019Arm\u00e9e du Canada (Nouveau-Brunswick) Inc. &nbsp; Article 1 &nbsp; Article 2 ARTCLE X Amendements ARTICLE X &nbsp; AMENDMENTS &nbsp; The directors may from time to time repeal, amend, add to or re-enact these by-laws, make, amend, add to or re-enact regulations [&hellip;]<\/p>\n","protected":false},"author":1,"featured_media":0,"parent":0,"menu_order":0,"comment_status":"closed","ping_status":"closed","template":"","meta":{"footnotes":"","_links_to":"","_links_to_target":""},"class_list":["post-8294","page","type-page","status-publish","hentry"],"_links":{"self":[{"href":"https:\/\/newbrunswick.armycadetleague.ca\/fr\/wp-json\/wp\/v2\/pages\/8294","targetHints":{"allow":["GET"]}}],"collection":[{"href":"https:\/\/newbrunswick.armycadetleague.ca\/fr\/wp-json\/wp\/v2\/pages"}],"about":[{"href":"https:\/\/newbrunswick.armycadetleague.ca\/fr\/wp-json\/wp\/v2\/types\/page"}],"author":[{"embeddable":true,"href":"https:\/\/newbrunswick.armycadetleague.ca\/fr\/wp-json\/wp\/v2\/users\/1"}],"replies":[{"embeddable":true,"href":"https:\/\/newbrunswick.armycadetleague.ca\/fr\/wp-json\/wp\/v2\/comments?post=8294"}],"version-history":[{"count":6,"href":"https:\/\/newbrunswick.armycadetleague.ca\/fr\/wp-json\/wp\/v2\/pages\/8294\/revisions"}],"predecessor-version":[{"id":8377,"href":"https:\/\/newbrunswick.armycadetleague.ca\/fr\/wp-json\/wp\/v2\/pages\/8294\/revisions\/8377"}],"wp:attachment":[{"href":"https:\/\/newbrunswick.armycadetleague.ca\/fr\/wp-json\/wp\/v2\/media?parent=8294"}],"curies":[{"name":"wp","href":"https:\/\/api.w.org\/{rel}","templated":true}]}}