{"id":8302,"date":"2018-08-30T23:06:35","date_gmt":"2018-08-30T23:06:35","guid":{"rendered":"http:\/\/newbrunswick.armycadetleague.ca\/financial\/"},"modified":"2020-09-28T21:07:51","modified_gmt":"2020-09-28T21:07:51","slug":"financial","status":"publish","type":"page","link":"https:\/\/newbrunswick.armycadetleague.ca\/fr\/financial\/","title":{"rendered":"Financial"},"content":{"rendered":"<h2>Resources Financi\u00e8res<\/h2>\n<p>R\u00e9f\u00e9rer \u00e0 la <a href=\"https:\/\/www.armycadetleague.ca\/fr\/ressources\/boite-a-outils\/\" target=\"_blank\" rel=\"noopener noreferrer\">Boite \u00e0 Outils<\/a> sur la Page Nationale<\/p>\n","protected":false},"excerpt":{"rendered":"<p>Resources Financi\u00e8res R\u00e9f\u00e9rer \u00e0 la Boite \u00e0 Outils sur la Page Nationale<\/p>\n","protected":false},"author":1,"featured_media":0,"parent":0,"menu_order":0,"comment_status":"closed","ping_status":"closed","template":"","meta":{"footnotes":"","_links_to":"","_links_to_target":""},"class_list":["post-8302","page","type-page","status-publish","hentry"],"_links":{"self":[{"href":"https:\/\/newbrunswick.armycadetleague.ca\/fr\/wp-json\/wp\/v2\/pages\/8302","targetHints":{"allow":["GET"]}}],"collection":[{"href":"https:\/\/newbrunswick.armycadetleague.ca\/fr\/wp-json\/wp\/v2\/pages"}],"about":[{"href":"https:\/\/newbrunswick.armycadetleague.ca\/fr\/wp-json\/wp\/v2\/types\/page"}],"author":[{"embeddable":true,"href":"https:\/\/newbrunswick.armycadetleague.ca\/fr\/wp-json\/wp\/v2\/users\/1"}],"replies":[{"embeddable":true,"href":"https:\/\/newbrunswick.armycadetleague.ca\/fr\/wp-json\/wp\/v2\/comments?post=8302"}],"version-history":[{"count":3,"href":"https:\/\/newbrunswick.armycadetleague.ca\/fr\/wp-json\/wp\/v2\/pages\/8302\/revisions"}],"predecessor-version":[{"id":8506,"href":"https:\/\/newbrunswick.armycadetleague.ca\/fr\/wp-json\/wp\/v2\/pages\/8302\/revisions\/8506"}],"wp:attachment":[{"href":"https:\/\/newbrunswick.armycadetleague.ca\/fr\/wp-json\/wp\/v2\/media?parent=8302"}],"curies":[{"name":"wp","href":"https:\/\/api.w.org\/{rel}","templated":true}]}}