{"id":8305,"date":"2020-05-05T14:40:44","date_gmt":"2020-05-05T14:40:44","guid":{"rendered":"http:\/\/newbrunswick.armycadetleague.ca\/liaison-officers-2\/"},"modified":"2020-05-05T17:40:25","modified_gmt":"2020-05-05T17:40:25","slug":"liaison-officers-2","status":"publish","type":"page","link":"https:\/\/newbrunswick.armycadetleague.ca\/fr\/liaison-officers-2\/","title":{"rendered":"Responsables des comit\u00e9s"},"content":{"rendered":"\r\n<p style=\"font-size: 25px\">M\u00e9dailles de service pour cadets: \u00a0\u00a0 Robert Langevin<\/p>\r\n\r\n\r\n\r\n<p style=\"font-size: 25px\">M\u00e9dailles de service pour membres: Doug Sentell<\/p>\r\n\r\n\r\n\r\n<p style=\"font-size: 25px\">Awards &amp; scholarships: Paul Butler<\/p>\r\n\r\n\r\n\r\n<p style=\"font-size: 25px\">Responsable du filtrage des b\u00e9n\u00e9voles: Dollard LeBlanc<\/p>\r\n\r\n\r\n\r\n<p style=\"font-size: 25px\">Membership: Doug Sussey<\/p>\r\n\r\n\r\n\r\n<p style=\"font-size: 25px\">Dd&rsquo;E: Brenda Moore<\/p>\r\n\r\n\r\n\r\n<p style=\"font-size: 25px\">Officier de communications: Brenda Moore<\/p>\r\n\r\n\r\n\r\n<p style=\"font-size: 25px\">Webmaster: Robert Langevin<\/p>\r\n\r\n\r\n\r\n<p style=\"font-size: 25px\">Postal Match: Dollard LeBlanc<\/p>\r\n","protected":false},"excerpt":{"rendered":"<p>M\u00e9dailles de service pour cadets: \u00a0\u00a0 Robert Langevin M\u00e9dailles de service pour membres: Doug Sentell Awards &amp; scholarships: Paul Butler Responsable du filtrage des b\u00e9n\u00e9voles: Dollard LeBlanc Membership: Doug Sussey Dd&rsquo;E: Brenda Moore Officier de communications: Brenda Moore Webmaster: Robert Langevin Postal Match: Dollard LeBlanc<\/p>\n","protected":false},"author":1,"featured_media":0,"parent":0,"menu_order":0,"comment_status":"closed","ping_status":"closed","template":"","meta":{"footnotes":"","_links_to":"","_links_to_target":""},"class_list":["post-8305","page","type-page","status-publish","hentry"],"_links":{"self":[{"href":"https:\/\/newbrunswick.armycadetleague.ca\/fr\/wp-json\/wp\/v2\/pages\/8305","targetHints":{"allow":["GET"]}}],"collection":[{"href":"https:\/\/newbrunswick.armycadetleague.ca\/fr\/wp-json\/wp\/v2\/pages"}],"about":[{"href":"https:\/\/newbrunswick.armycadetleague.ca\/fr\/wp-json\/wp\/v2\/types\/page"}],"author":[{"embeddable":true,"href":"https:\/\/newbrunswick.armycadetleague.ca\/fr\/wp-json\/wp\/v2\/users\/1"}],"replies":[{"embeddable":true,"href":"https:\/\/newbrunswick.armycadetleague.ca\/fr\/wp-json\/wp\/v2\/comments?post=8305"}],"version-history":[{"count":3,"href":"https:\/\/newbrunswick.armycadetleague.ca\/fr\/wp-json\/wp\/v2\/pages\/8305\/revisions"}],"predecessor-version":[{"id":8446,"href":"https:\/\/newbrunswick.armycadetleague.ca\/fr\/wp-json\/wp\/v2\/pages\/8305\/revisions\/8446"}],"wp:attachment":[{"href":"https:\/\/newbrunswick.armycadetleague.ca\/fr\/wp-json\/wp\/v2\/media?parent=8305"}],"curies":[{"name":"wp","href":"https:\/\/api.w.org\/{rel}","templated":true}]}}